{"id":87649,"date":"2022-06-26T21:44:33","date_gmt":"2022-06-26T19:44:33","guid":{"rendered":"https:\/\/jogapiekna.com\/?post_type=product&#038;p=87649"},"modified":"2026-05-17T02:00:11","modified_gmt":"2026-05-17T00:00:11","slug":"travel-poduszka-antyzmarszczkowa-z-poszewka-dwustronna-minky","status":"publish","type":"product","link":"https:\/\/jogapiekna.com\/en\/product\/travel-poduszka-antyzmarszczkowa-z-poszewka-dwustronna-minky\/","title":{"rendered":"Poduszka antyzmarszczkowa Bye Bye Wrinkles TRAVEL z dwustronn\u0105 poszewk\u0105 minky"},"content":{"rendered":"<p>&nbsp;<\/p>\n<h2> Opis produktu \u2013 <strong>anti-wrinkle pillow<\/strong> do podr\u00f3\u017cy i codziennego snu<\/h2>\n<h3> <strong>Sleep Wrinkles<\/strong> \u2013 cichy proces, kt\u00f3ry dzieje si\u0119 ka\u017cdej nocy<\/h3>\n<p>Podczas snu Twoja sk\u00f3ra pracuje inaczej ni\u017c w ci\u0105gu dnia \u2013 regeneruje si\u0119, ale jednocze\u015bnie jest nara\u017cona na nacisk i zagniecenia. D\u0142ugotrwa\u0142e przyciskanie twarzy do poduszki prowadzi do powstawania tzw. <strong>zmarszczek sennych<\/strong>, kt\u00f3re z czasem utrwalaj\u0105 si\u0119 i pog\u0142\u0119biaj\u0105. <strong>Anti-wrinkle Pillow<\/strong> TRAVEL zosta\u0142a zaprojektowana tak, aby realnie ograniczy\u0107 ten proces i wspiera\u0107 naturalne procesy odnowy sk\u00f3ry.<\/p>\n<p><img fetchpriority=\"high\" decoding=\"async\" class=\"img-responsive\" src=\"https:\/\/jogapiekna.com\/wp-content\/uploads\/2021\/04\/poduszka-zwykla-poduszka-bbw-porownanie.jpg\" alt=\"Dlaczego warto wybra\u0107 poduszk\u0119 przeciwzmarszczkow\u0105 Bye Bye Wrinkles?\" width=\"800\" height=\"273\" \/><\/p>\n<h3> <strong>Kszta\u0142t motyla<\/strong> \u2013 precyzyjne podparcie i mniej kontaktu sk\u00f3ry z <strong>poduszk\u0105<\/strong><\/h3>\n<p>Ergonomiczna konstrukcja <strong>poduszki<\/strong> w <strong>kszta\u0142cie motyla<\/strong> stabilizuje g\u0142ow\u0119 i redukuje nacisk na najbardziej wra\u017cliwe partie twarzy. Specjalne wyprofilowanie ogranicza styczno\u015b\u0107 sk\u00f3ry z powierzchni\u0105 <strong>poduszki<\/strong>, dzi\u0119ki czemu minimalizuje ryzyko powstawania odgniece\u0144 i deformacji sk\u00f3ry podczas snu. Jednocze\u015bnie zapewnia odpowiednie podparcie odcinka szyjnego kr\u0119gos\u0142upa.<\/p>\n<h3> Dwustronna poszewka minky i bawe\u0142na satynowa \u2013 komfort dopasowany do Ciebie<\/h3>\n<p><strong>Anti-wrinkle Pillow<\/strong> TRAVEL zosta\u0142a wyposa\u017cona w dwustronn\u0105 poszewk\u0119, kt\u00f3ra odpowiada na r\u00f3\u017cne potrzeby snu. Z jednej strony znajduje si\u0119 mi\u0119kka, otulaj\u0105ca tkanina minky, idealna na ch\u0142odniejsze dni i momenty, kiedy potrzebujesz maksymalnego komfortu. Z drugiej g\u0142adka bawe\u0142na satynowa, przewiewna i delikatna dla sk\u00f3ry, doskona\u0142a na cieplejsze noce. To Ty decydujesz, jak \u015bpisz.<\/p>\n<h3> Antyalergiczne wype\u0142nienie \u2013 spr\u0119\u017cysto\u015b\u0107 i trwa\u0142o\u015b\u0107 bez kompromis\u00f3w<\/h3>","protected":false},"excerpt":{"rendered":"<p>Do you like pillows in plush pillowcases that are perfectly soft and skin-friendly? You don&#039;t have to give up this comfort. TRAVEL anti-wrinkle pillow with double-sided pillowcase combines two fabrics-natural satin cotton and a pleasant-to-touch \u201dMinky &#034; type fabric, which is ideal for both travel and everyday use.<\/p>\n<ul>\n<li>perfectly soft, cozy and skin-friendly<\/li>\n<li>it takes care of your comfort and the correct position of the spine<\/li>\n<li>reduces wrinkles during sleep, takes care of the condition of the face<\/li>\n<li>provides a comfortable sleep (even on the go)<\/li>\n<\/ul>","protected":false},"featured_media":202137,"comment_status":"closed","ping_status":"closed","template":"","meta":{"_acf_changed":false,"site-sidebar-layout":"default","site-content-layout":"","ast-site-content-layout":"default","site-content-style":"default","site-sidebar-style":"default","ast-global-header-display":"","ast-banner-title-visibility":"","ast-main-header-display":"","ast-hfb-above-header-display":"","ast-hfb-below-header-display":"","ast-hfb-mobile-header-display":"","site-post-title":"","ast-breadcrumbs-content":"","ast-featured-img":"","footer-sml-layout":"","ast-disable-related-posts":"","theme-transparent-header-meta":"default","adv-header-id-meta":"","stick-header-meta":"","header-above-stick-meta":"","header-main-stick-meta":"","header-below-stick-meta":"","astra-migrate-meta-layouts":"set","ast-page-background-enabled":"default","ast-page-background-meta":{"desktop":{"background-color":"var(--ast-global-color-5)","background-image":"","background-repeat":"repeat","background-position":"center center","background-size":"auto","background-attachment":"scroll","background-type":"","background-media":"","overlay-type":"","overlay-color":"","overlay-opacity":"","overlay-gradient":""},"tablet":{"background-color":"","background-image":"","background-repeat":"repeat","background-position":"center center","background-size":"auto","background-attachment":"scroll","background-type":"","background-media":"","overlay-type":"","overlay-color":"","overlay-opacity":"","overlay-gradient":""},"mobile":{"background-color":"","background-image":"","background-repeat":"repeat","background-position":"center center","background-size":"auto","background-attachment":"scroll","background-type":"","background-media":"","overlay-type":"","overlay-color":"","overlay-opacity":"","overlay-gradient":""}},"ast-content-background-meta":{"desktop":{"background-color":"var(--ast-global-color-4)","background-image":"","background-repeat":"repeat","background-position":"center center","background-size":"auto","background-attachment":"scroll","background-type":"","background-media":"","overlay-type":"","overlay-color":"","overlay-opacity":"","overlay-gradient":""},"tablet":{"background-color":"var(--ast-global-color-4)","background-image":"","background-repeat":"repeat","background-position":"center center","background-size":"auto","background-attachment":"scroll","background-type":"","background-media":"","overlay-type":"","overlay-color":"","overlay-opacity":"","overlay-gradient":""},"mobile":{"background-color":"var(--ast-global-color-4)","background-image":"","background-repeat":"repeat","background-position":"center center","background-size":"auto","background-attachment":"scroll","background-type":"","background-media":"","overlay-type":"","overlay-color":"","overlay-opacity":"","overlay-gradient":""}}},"product_brand":[],"product_cat":[112,625,569],"product_tag":[174,262,256,255,568,173,264,263],"class_list":{"0":"post-87649","1":"product","2":"type-product","3":"status-publish","4":"has-post-thumbnail","6":"product_cat-poduszki-antyzmarszczkowe","7":"product_cat-promocje","8":"product_cat-travel","9":"product_tag-byebyewrinkles","10":"product_tag-likwidowanie-zmarszczek","11":"product_tag-pielegnacja-skory","12":"product_tag-pielegnacja-twarzy","13":"product_tag-podroz","14":"product_tag-poduszka-antyzmarszczkowa","15":"product_tag-zapobieganie-zmarszczkom","16":"product_tag-zdrowy-sen","17":"desktop-align-left","18":"tablet-align-left","19":"mobile-align-left","21":"first","22":"instock","23":"sale","24":"taxable","25":"shipping-taxable","26":"purchasable","27":"product-type-variable"},"acf":[],"yoast_head":"<!-- This site is optimized with the Yoast SEO plugin v27.5 - https:\/\/yoast.com\/product\/yoast-seo-wordpress\/ -->\n<title>Pluszowa poduszka antyzmarszczkowa TRAVEL z poszewk\u0105 minky<\/title>\n<meta name=\"description\" content=\"Lubisz mi\u0119kkie, pluszowe poduszki? Poduszka antyzmarszczkowa TRAVEL z dwustronn\u0105 poszewk\u0105 zadba o Twoj\u0105 sk\u00f3r\u0119 i komfort wypoczynku \u2014 tak\u017ce w podr\u00f3\u017cy.\" \/>\n<meta name=\"robots\" content=\"index, follow, max-snippet:-1, max-image-preview:large, max-video-preview:-1\" \/>\n<link rel=\"canonical\" href=\"https:\/\/jogapiekna.com\/en\/product\/travel-poduszka-antyzmarszczkowa-z-poszewka-dwustronna-minky\/\" \/>\n<meta property=\"og:locale\" content=\"en_GB\" \/>\n<meta property=\"og:type\" content=\"article\" \/>\n<meta property=\"og:title\" content=\"Pluszowa poduszka antyzmarszczkowa TRAVEL z poszewk\u0105 minky\" \/>\n<meta property=\"og:description\" content=\"Lubisz mi\u0119kkie, pluszowe poduszki? Poduszka antyzmarszczkowa TRAVEL z dwustronn\u0105 poszewk\u0105 zadba o Twoj\u0105 sk\u00f3r\u0119 i komfort wypoczynku \u2014 tak\u017ce w podr\u00f3\u017cy.\" \/>\n<meta property=\"og:url\" content=\"https:\/\/jogapiekna.com\/en\/product\/travel-poduszka-antyzmarszczkowa-z-poszewka-dwustronna-minky\/\" \/>\n<meta property=\"og:site_name\" content=\"JOGA PI\u0118KNA | Joga Twarzy\" \/>\n<meta property=\"article:publisher\" content=\"https:\/\/www.facebook.com\/JogaPieknaCom\/\" \/>\n<meta property=\"article:modified_time\" content=\"2026-05-17T00:00:11+00:00\" \/>\n<meta property=\"og:image\" content=\"https:\/\/jogapiekna.com\/wp-content\/uploads\/2022\/06\/Poduszka-antyzmarszczkowa-ByeByeWrinkles-TRAVEL-z-podwojna-poszewka_2025.jpg\" \/>\n\t<meta property=\"og:image:width\" content=\"1000\" \/>\n\t<meta property=\"og:image:height\" content=\"1000\" \/>\n\t<meta property=\"og:image:type\" content=\"image\/jpeg\" \/>\n<meta name=\"twitter:card\" content=\"summary_large_image\" \/>\n<meta name=\"twitter:label1\" content=\"Estimated reading time\" \/>\n\t<meta name=\"twitter:data1\" content=\"2 minutes\" \/>\n<script type=\"application\/ld+json\" class=\"yoast-schema-graph\">{\"@context\":\"https:\\\/\\\/schema.org\",\"@graph\":[{\"@type\":\"WebPage\",\"@id\":\"https:\\\/\\\/jogapiekna.com\\\/produkt\\\/travel-poduszka-antyzmarszczkowa-z-poszewka-dwustronna-minky\\\/\",\"url\":\"https:\\\/\\\/jogapiekna.com\\\/produkt\\\/travel-poduszka-antyzmarszczkowa-z-poszewka-dwustronna-minky\\\/\",\"name\":\"Pluszowa poduszka antyzmarszczkowa TRAVEL z poszewk\u0105 minky\",\"isPartOf\":{\"@id\":\"https:\\\/\\\/jogapiekna.com\\\/#website\"},\"primaryImageOfPage\":{\"@id\":\"https:\\\/\\\/jogapiekna.com\\\/produkt\\\/travel-poduszka-antyzmarszczkowa-z-poszewka-dwustronna-minky\\\/#primaryimage\"},\"image\":{\"@id\":\"https:\\\/\\\/jogapiekna.com\\\/produkt\\\/travel-poduszka-antyzmarszczkowa-z-poszewka-dwustronna-minky\\\/#primaryimage\"},\"thumbnailUrl\":\"https:\\\/\\\/jogapiekna.com\\\/wp-content\\\/uploads\\\/2022\\\/06\\\/Poduszka-antyzmarszczkowa-ByeByeWrinkles-TRAVEL-z-podwojna-poszewka_2025.jpg\",\"datePublished\":\"2022-06-26T19:44:33+00:00\",\"dateModified\":\"2026-05-17T00:00:11+00:00\",\"description\":\"Lubisz mi\u0119kkie, pluszowe poduszki? Poduszka antyzmarszczkowa TRAVEL z dwustronn\u0105 poszewk\u0105 zadba o Twoj\u0105 sk\u00f3r\u0119 i komfort wypoczynku \u2014 tak\u017ce w podr\u00f3\u017cy.\",\"breadcrumb\":{\"@id\":\"https:\\\/\\\/jogapiekna.com\\\/produkt\\\/travel-poduszka-antyzmarszczkowa-z-poszewka-dwustronna-minky\\\/#breadcrumb\"},\"inLanguage\":\"en-GB\",\"potentialAction\":[{\"@type\":\"ReadAction\",\"target\":[\"https:\\\/\\\/jogapiekna.com\\\/produkt\\\/travel-poduszka-antyzmarszczkowa-z-poszewka-dwustronna-minky\\\/\"]}]},{\"@type\":\"ImageObject\",\"inLanguage\":\"en-GB\",\"@id\":\"https:\\\/\\\/jogapiekna.com\\\/produkt\\\/travel-poduszka-antyzmarszczkowa-z-poszewka-dwustronna-minky\\\/#primaryimage\",\"url\":\"https:\\\/\\\/jogapiekna.com\\\/wp-content\\\/uploads\\\/2022\\\/06\\\/Poduszka-antyzmarszczkowa-ByeByeWrinkles-TRAVEL-z-podwojna-poszewka_2025.jpg\",\"contentUrl\":\"https:\\\/\\\/jogapiekna.com\\\/wp-content\\\/uploads\\\/2022\\\/06\\\/Poduszka-antyzmarszczkowa-ByeByeWrinkles-TRAVEL-z-podwojna-poszewka_2025.jpg\",\"width\":1000,\"height\":1000,\"caption\":\"Poduszka Bye Bye Wrinkles JOGA PI\u0118KNA\u00a0\"},{\"@type\":\"BreadcrumbList\",\"@id\":\"https:\\\/\\\/jogapiekna.com\\\/produkt\\\/travel-poduszka-antyzmarszczkowa-z-poszewka-dwustronna-minky\\\/#breadcrumb\",\"itemListElement\":[{\"@type\":\"ListItem\",\"position\":1,\"name\":\"Strona g\u0142\u00f3wna\",\"item\":\"https:\\\/\\\/jogapiekna.com\\\/\"},{\"@type\":\"ListItem\",\"position\":2,\"name\":\"Sklep\",\"item\":\"https:\\\/\\\/jogapiekna.com\\\/sklep\\\/\"},{\"@type\":\"ListItem\",\"position\":3,\"name\":\"Poduszka antyzmarszczkowa Bye Bye Wrinkles TRAVEL z dwustronn\u0105 poszewk\u0105 minky\"}]},{\"@type\":\"WebSite\",\"@id\":\"https:\\\/\\\/jogapiekna.com\\\/#website\",\"url\":\"https:\\\/\\\/jogapiekna.com\\\/\",\"name\":\"Joga Pi\u0119kna Marta Kuci\u0144ska\",\"description\":\"Joga Pi\u0119kna pomaga kobietom zachowa\u0107 urod\u0119, cofn\u0105\u0107 oznaki up\u0142ywaj\u0105cego czasu i zm\u0119czenia, odzyska\u0107 promienny wygl\u0105d, naturalny u\u015bmiech i popraw\u0119 w\u0142asnej samooceny.\",\"publisher\":{\"@id\":\"https:\\\/\\\/jogapiekna.com\\\/#organization\"},\"potentialAction\":[{\"@type\":\"SearchAction\",\"target\":{\"@type\":\"EntryPoint\",\"urlTemplate\":\"https:\\\/\\\/jogapiekna.com\\\/?s={search_term_string}\"},\"query-input\":{\"@type\":\"PropertyValueSpecification\",\"valueRequired\":true,\"valueName\":\"search_term_string\"}}],\"inLanguage\":\"en-GB\"},{\"@type\":\"Organization\",\"@id\":\"https:\\\/\\\/jogapiekna.com\\\/#organization\",\"name\":\"Joga Pi\u0119kna Marta Kuci\u0144ska\",\"url\":\"https:\\\/\\\/jogapiekna.com\\\/\",\"logo\":{\"@type\":\"ImageObject\",\"inLanguage\":\"en-GB\",\"@id\":\"https:\\\/\\\/jogapiekna.com\\\/#\\\/schema\\\/logo\\\/image\\\/\",\"url\":\"https:\\\/\\\/jogapiekna.com\\\/wp-content\\\/uploads\\\/2022\\\/09\\\/joga-piekna-logo_Rka.png\",\"contentUrl\":\"https:\\\/\\\/jogapiekna.com\\\/wp-content\\\/uploads\\\/2022\\\/09\\\/joga-piekna-logo_Rka.png\",\"width\":231,\"height\":124,\"caption\":\"Joga Pi\u0119kna Marta Kuci\u0144ska\"},\"image\":{\"@id\":\"https:\\\/\\\/jogapiekna.com\\\/#\\\/schema\\\/logo\\\/image\\\/\"},\"sameAs\":[\"https:\\\/\\\/www.facebook.com\\\/JogaPieknaCom\\\/\",\"https:\\\/\\\/www.instagram.com\\\/jogapieknacom\\\/\"]}]}<\/script>\n<!-- \/ Yoast SEO plugin. -->","yoast_head_json":{"title":"Pluszowa poduszka antyzmarszczkowa TRAVEL z poszewk\u0105 minky","description":"Lubisz mi\u0119kkie, pluszowe poduszki? Poduszka antyzmarszczkowa TRAVEL z dwustronn\u0105 poszewk\u0105 zadba o Twoj\u0105 sk\u00f3r\u0119 i komfort wypoczynku \u2014 tak\u017ce w podr\u00f3\u017cy.","robots":{"index":"index","follow":"follow","max-snippet":"max-snippet:-1","max-image-preview":"max-image-preview:large","max-video-preview":"max-video-preview:-1"},"canonical":"https:\/\/jogapiekna.com\/en\/product\/travel-poduszka-antyzmarszczkowa-z-poszewka-dwustronna-minky\/","og_locale":"en_GB","og_type":"article","og_title":"Pluszowa poduszka antyzmarszczkowa TRAVEL z poszewk\u0105 minky","og_description":"Lubisz mi\u0119kkie, pluszowe poduszki? Poduszka antyzmarszczkowa TRAVEL z dwustronn\u0105 poszewk\u0105 zadba o Twoj\u0105 sk\u00f3r\u0119 i komfort wypoczynku \u2014 tak\u017ce w podr\u00f3\u017cy.","og_url":"https:\/\/jogapiekna.com\/en\/product\/travel-poduszka-antyzmarszczkowa-z-poszewka-dwustronna-minky\/","og_site_name":"JOGA PI\u0118KNA | Joga Twarzy","article_publisher":"https:\/\/www.facebook.com\/JogaPieknaCom\/","article_modified_time":"2026-05-17T00:00:11+00:00","og_image":[{"width":1000,"height":1000,"url":"https:\/\/jogapiekna.com\/wp-content\/uploads\/2022\/06\/Poduszka-antyzmarszczkowa-ByeByeWrinkles-TRAVEL-z-podwojna-poszewka_2025.jpg","type":"image\/jpeg"}],"twitter_card":"summary_large_image","twitter_misc":{"Estimated reading time":"2 minutes"},"schema":{"@context":"https:\/\/schema.org","@graph":[{"@type":"WebPage","@id":"https:\/\/jogapiekna.com\/produkt\/travel-poduszka-antyzmarszczkowa-z-poszewka-dwustronna-minky\/","url":"https:\/\/jogapiekna.com\/produkt\/travel-poduszka-antyzmarszczkowa-z-poszewka-dwustronna-minky\/","name":"Pluszowa poduszka antyzmarszczkowa TRAVEL z poszewk\u0105 minky","isPartOf":{"@id":"https:\/\/jogapiekna.com\/#website"},"primaryImageOfPage":{"@id":"https:\/\/jogapiekna.com\/produkt\/travel-poduszka-antyzmarszczkowa-z-poszewka-dwustronna-minky\/#primaryimage"},"image":{"@id":"https:\/\/jogapiekna.com\/produkt\/travel-poduszka-antyzmarszczkowa-z-poszewka-dwustronna-minky\/#primaryimage"},"thumbnailUrl":"https:\/\/jogapiekna.com\/wp-content\/uploads\/2022\/06\/Poduszka-antyzmarszczkowa-ByeByeWrinkles-TRAVEL-z-podwojna-poszewka_2025.jpg","datePublished":"2022-06-26T19:44:33+00:00","dateModified":"2026-05-17T00:00:11+00:00","description":"Lubisz mi\u0119kkie, pluszowe poduszki? Poduszka antyzmarszczkowa TRAVEL z dwustronn\u0105 poszewk\u0105 zadba o Twoj\u0105 sk\u00f3r\u0119 i komfort wypoczynku \u2014 tak\u017ce w podr\u00f3\u017cy.","breadcrumb":{"@id":"https:\/\/jogapiekna.com\/produkt\/travel-poduszka-antyzmarszczkowa-z-poszewka-dwustronna-minky\/#breadcrumb"},"inLanguage":"en-GB","potentialAction":[{"@type":"ReadAction","target":["https:\/\/jogapiekna.com\/produkt\/travel-poduszka-antyzmarszczkowa-z-poszewka-dwustronna-minky\/"]}]},{"@type":"ImageObject","inLanguage":"en-GB","@id":"https:\/\/jogapiekna.com\/produkt\/travel-poduszka-antyzmarszczkowa-z-poszewka-dwustronna-minky\/#primaryimage","url":"https:\/\/jogapiekna.com\/wp-content\/uploads\/2022\/06\/Poduszka-antyzmarszczkowa-ByeByeWrinkles-TRAVEL-z-podwojna-poszewka_2025.jpg","contentUrl":"https:\/\/jogapiekna.com\/wp-content\/uploads\/2022\/06\/Poduszka-antyzmarszczkowa-ByeByeWrinkles-TRAVEL-z-podwojna-poszewka_2025.jpg","width":1000,"height":1000,"caption":"Poduszka Bye Bye Wrinkles JOGA PI\u0118KNA\u00a0"},{"@type":"BreadcrumbList","@id":"https:\/\/jogapiekna.com\/produkt\/travel-poduszka-antyzmarszczkowa-z-poszewka-dwustronna-minky\/#breadcrumb","itemListElement":[{"@type":"ListItem","position":1,"name":"Strona g\u0142\u00f3wna","item":"https:\/\/jogapiekna.com\/"},{"@type":"ListItem","position":2,"name":"Sklep","item":"https:\/\/jogapiekna.com\/sklep\/"},{"@type":"ListItem","position":3,"name":"Poduszka antyzmarszczkowa Bye Bye Wrinkles TRAVEL z dwustronn\u0105 poszewk\u0105 minky"}]},{"@type":"WebSite","@id":"https:\/\/jogapiekna.com\/#website","url":"https:\/\/jogapiekna.com\/","name":"Yoga Beauty Marta Kuci\u0144ska","description":"Beauty Yoga helps women to maintain their beauty, reverse the signs of passing time and fatigue, regain a radiant appearance, natural smile and improve their self-esteem.","publisher":{"@id":"https:\/\/jogapiekna.com\/#organization"},"potentialAction":[{"@type":"SearchAction","target":{"@type":"EntryPoint","urlTemplate":"https:\/\/jogapiekna.com\/?s={search_term_string}"},"query-input":{"@type":"PropertyValueSpecification","valueRequired":true,"valueName":"search_term_string"}}],"inLanguage":"en-GB"},{"@type":"Organization","@id":"https:\/\/jogapiekna.com\/#organization","name":"Yoga Beauty Marta Kuci\u0144ska","url":"https:\/\/jogapiekna.com\/","logo":{"@type":"ImageObject","inLanguage":"en-GB","@id":"https:\/\/jogapiekna.com\/#\/schema\/logo\/image\/","url":"https:\/\/jogapiekna.com\/wp-content\/uploads\/2022\/09\/joga-piekna-logo_Rka.png","contentUrl":"https:\/\/jogapiekna.com\/wp-content\/uploads\/2022\/09\/joga-piekna-logo_Rka.png","width":231,"height":124,"caption":"Joga Pi\u0119kna Marta Kuci\u0144ska"},"image":{"@id":"https:\/\/jogapiekna.com\/#\/schema\/logo\/image\/"},"sameAs":["https:\/\/www.facebook.com\/JogaPieknaCom\/","https:\/\/www.instagram.com\/jogapieknacom\/"]}]}},"_links":{"self":[{"href":"https:\/\/jogapiekna.com\/en\/wp-json\/wp\/v2\/product\/87649","targetHints":{"allow":["GET"]}}],"collection":[{"href":"https:\/\/jogapiekna.com\/en\/wp-json\/wp\/v2\/product"}],"about":[{"href":"https:\/\/jogapiekna.com\/en\/wp-json\/wp\/v2\/types\/product"}],"replies":[{"embeddable":true,"href":"https:\/\/jogapiekna.com\/en\/wp-json\/wp\/v2\/comments?post=87649"}],"version-history":[{"count":17,"href":"https:\/\/jogapiekna.com\/en\/wp-json\/wp\/v2\/product\/87649\/revisions"}],"predecessor-version":[{"id":224015,"href":"https:\/\/jogapiekna.com\/en\/wp-json\/wp\/v2\/product\/87649\/revisions\/224015"}],"wp:featuredmedia":[{"embeddable":true,"href":"https:\/\/jogapiekna.com\/en\/wp-json\/wp\/v2\/media\/202137"}],"wp:attachment":[{"href":"https:\/\/jogapiekna.com\/en\/wp-json\/wp\/v2\/media?parent=87649"}],"wp:term":[{"taxonomy":"product_brand","embeddable":true,"href":"https:\/\/jogapiekna.com\/en\/wp-json\/wp\/v2\/product_brand?post=87649"},{"taxonomy":"product_cat","embeddable":true,"href":"https:\/\/jogapiekna.com\/en\/wp-json\/wp\/v2\/product_cat?post=87649"},{"taxonomy":"product_tag","embeddable":true,"href":"https:\/\/jogapiekna.com\/en\/wp-json\/wp\/v2\/product_tag?post=87649"}],"curies":[{"name":"wp","href":"https:\/\/api.w.org\/{rel}","templated":true}]}}