{"id":91938,"date":"2022-08-01T23:16:58","date_gmt":"2022-08-01T21:16:58","guid":{"rendered":"https:\/\/jogapiekna.com\/?post_type=product&#038;p=91938"},"modified":"2026-02-02T10:09:53","modified_gmt":"2026-02-02T09:09:53","slug":"olejek-eteryczny-doterra-passion-roll-on-10-ml","status":"publish","type":"product","link":"https:\/\/jogapiekna.com\/en\/product\/olejek-eteryczny-doterra-passion-roll-on-10-ml\/","title":{"rendered":"doTERRA Touch Essential Oil * Passion\u00ae Touch * 10 ml"},"content":{"rendered":"<p>doTERRA Passion Touch combines fractionated coconut oil with a blend of doTERRA Passion spices and herbs to help you spice up the emotions in your life. Packed in a convenient 10ml roll, this spicy, warm blend of essential oils can be used as a personal fragrance or applied to your pulse points or sternum to ignite feelings of excitement, passion and joy. With doTERRA Passion Touch, you will find the courage to try something new, as well as discover new joy from the current blessings in your life.<\/p>\n<p><strong>Main advantages <\/strong><\/p>\n<ul>\n<li>Ignites feelings of excitement, passion and joy <\/li>\n<li>Counteracts negative feelings of boredom and lack of interest <\/li>\n<\/ul>\n<p><strong> Ingredients <\/strong><br \/>\nFractionated Coconut Oil, Cardamom Seeds, Cinnamon Bark, Ginger Root, Clove Bud, Sandalwood, Jasmine Flower Absolute, Vanilla Bean Absolute, Damian Leaf<\/p>\n<p><strong> Aromatic description <\/strong><br \/>\nSpicy, warm, rich<\/p>\n<p><strong> Application Tips <\/strong><\/p>\n<ul>\n<li> <strong>Local application:<\/strong>\u00a0Apply one or two drops to the selected area. See additional precautions below. <\/li>\n<\/ul>\n<p><strong> Signal: <\/strong><br \/>\nKeep out of reach of children. Possible hypersensitivity of the skin. Avoid contact with eyes, inner ears, and sensitive areas. If you are pregnant, nursing, or under medical supervision, contact your doctor<\/p>\n<p><strong>All doTERRA oils are clean and safe. They are certified CPTG (Certified Pure Therapeutic Grade\u00ae) - certified pure therapeutic grade.<\/strong> They can be safely used internally, lubricated the body, and inhaled.<\/p>\n<p><strong>CPTG-Certified Pure Therapeutic Grade (ACKT-Certified Pure therapeutic Grade)<\/strong> doTERRA oils, which makes it absolutely safe to use oils orally (those intended for internal use), as well as in small children.<\/p>\n<p>What does such a certificate mean?<\/p>\n<ul>\n<li>quality without pesticides and heavy metals,<\/li>\n<li>no artificial colors or fillers,<\/li>\n<li>kontrolowane uprawy na obszarach, gdzie naturalnie wyst\u0119puje dana ro\u015blina i zbieranie jej w optymalnym momencie<\/li>\n<li>brak domieszek olejk\u00f3w z innych ro\u015blinnych<\/li>\n<li>brak domieszek olejk\u00f3w syntetycznych<\/li>\n<\/ul>","protected":false},"excerpt":{"rendered":"<p style=\"text-align: left;\">10 ml<\/p>","protected":false},"featured_media":94703,"comment_status":"closed","ping_status":"closed","template":"","meta":{"_acf_changed":false,"site-sidebar-layout":"default","site-content-layout":"","ast-site-content-layout":"default","site-content-style":"default","site-sidebar-style":"default","ast-global-header-display":"","ast-banner-title-visibility":"","ast-main-header-display":"","ast-hfb-above-header-display":"","ast-hfb-below-header-display":"","ast-hfb-mobile-header-display":"","site-post-title":"","ast-breadcrumbs-content":"","ast-featured-img":"","footer-sml-layout":"","ast-disable-related-posts":"","theme-transparent-header-meta":"","adv-header-id-meta":"","stick-header-meta":"","header-above-stick-meta":"","header-main-stick-meta":"","header-below-stick-meta":"","astra-migrate-meta-layouts":"default","ast-page-background-enabled":"default","ast-page-background-meta":{"desktop":{"background-color":"var(--ast-global-color-5)","background-image":"","background-repeat":"repeat","background-position":"center center","background-size":"auto","background-attachment":"scroll","background-type":"","background-media":"","overlay-type":"","overlay-color":"","overlay-opacity":"","overlay-gradient":""},"tablet":{"background-color":"","background-image":"","background-repeat":"repeat","background-position":"center center","background-size":"auto","background-attachment":"scroll","background-type":"","background-media":"","overlay-type":"","overlay-color":"","overlay-opacity":"","overlay-gradient":""},"mobile":{"background-color":"","background-image":"","background-repeat":"repeat","background-position":"center center","background-size":"auto","background-attachment":"scroll","background-type":"","background-media":"","overlay-type":"","overlay-color":"","overlay-opacity":"","overlay-gradient":""}},"ast-content-background-meta":{"desktop":{"background-color":"var(--ast-global-color-4)","background-image":"","background-repeat":"repeat","background-position":"center center","background-size":"auto","background-attachment":"scroll","background-type":"","background-media":"","overlay-type":"","overlay-color":"","overlay-opacity":"","overlay-gradient":""},"tablet":{"background-color":"var(--ast-global-color-4)","background-image":"","background-repeat":"repeat","background-position":"center center","background-size":"auto","background-attachment":"scroll","background-type":"","background-media":"","overlay-type":"","overlay-color":"","overlay-opacity":"","overlay-gradient":""},"mobile":{"background-color":"var(--ast-global-color-4)","background-image":"","background-repeat":"repeat","background-position":"center center","background-size":"auto","background-attachment":"scroll","background-type":"","background-media":"","overlay-type":"","overlay-color":"","overlay-opacity":"","overlay-gradient":""}}},"product_brand":[],"product_cat":[642],"product_tag":[144,57,583,584,582],"class_list":{"0":"post-91938","1":"product","2":"type-product","3":"status-publish","4":"has-post-thumbnail","6":"product_cat-olejki-eteryczne","7":"product_tag-doterra","8":"product_tag-olejek-eteryczny","9":"product_tag-pasja","10":"product_tag-podniecenie","11":"product_tag-uczucie-radosci","12":"desktop-align-left","13":"tablet-align-left","14":"mobile-align-left","16":"first","17":"instock","18":"taxable","19":"shipping-taxable","20":"purchasable","21":"product-type-simple"},"acf":[],"yoast_head":"<!-- This site is optimized with the Yoast SEO plugin v27.2 - https:\/\/yoast.com\/product\/yoast-seo-wordpress\/ -->\n<title>OLEJEK eteryczny doTERRA Touch \u2022 Passion\u00ae\u00a0Touch \u2022 10 ml | Joga Pi\u0119kna | Ajurweda<\/title>\n<meta name=\"description\" content=\"doTERRA Passion Touch \u0142\u0105czy frakcjonowany olej kokosowy z mieszank\u0105 przypraw i zi\u00f3\u0142 doTERRA Passion, aby pom\u00f3c Ci o\u017cywi\u0107 emocje w Twoim \u017cyciu.\u00a0Ta pikantna, ciep\u0142a mieszanka olejk\u00f3w eterycznych, zapakowana w wygodny 10 ml roll-on, mo\u017ce by\u0107 u\u017cywana jako osobisty zapach lub nak\u0142adana na punkty t\u0119tna lub mostek, aby rozpali\u0107 uczucie podniecenia, pasji i rado\u015bci.\" \/>\n<meta name=\"robots\" content=\"index, follow, max-snippet:-1, max-image-preview:large, max-video-preview:-1\" \/>\n<link rel=\"canonical\" href=\"https:\/\/jogapiekna.com\/en\/product\/olejek-eteryczny-doterra-passion-roll-on-10-ml\/\" \/>\n<meta property=\"og:locale\" content=\"en_GB\" \/>\n<meta property=\"og:type\" content=\"article\" \/>\n<meta property=\"og:title\" content=\"OLEJEK eteryczny doTERRA Touch \u2022 Passion\u00ae\u00a0Touch \u2022 10 ml | Joga Pi\u0119kna | Ajurweda\" \/>\n<meta property=\"og:description\" content=\"doTERRA Passion Touch \u0142\u0105czy frakcjonowany olej kokosowy z mieszank\u0105 przypraw i zi\u00f3\u0142 doTERRA Passion, aby pom\u00f3c Ci o\u017cywi\u0107 emocje w Twoim \u017cyciu.\u00a0Ta pikantna, ciep\u0142a mieszanka olejk\u00f3w eterycznych, zapakowana w wygodny 10 ml roll-on, mo\u017ce by\u0107 u\u017cywana jako osobisty zapach lub nak\u0142adana na punkty t\u0119tna lub mostek, aby rozpali\u0107 uczucie podniecenia, pasji i rado\u015bci.\" \/>\n<meta property=\"og:url\" content=\"https:\/\/jogapiekna.com\/en\/product\/olejek-eteryczny-doterra-passion-roll-on-10-ml\/\" \/>\n<meta property=\"og:site_name\" content=\"JOGA PI\u0118KNA | Joga Twarzy\" \/>\n<meta property=\"article:publisher\" content=\"https:\/\/www.facebook.com\/JogaPieknaCom\/\" \/>\n<meta property=\"article:modified_time\" content=\"2026-02-02T09:09:53+00:00\" \/>\n<meta property=\"og:image\" content=\"https:\/\/jogapiekna.com\/wp-content\/uploads\/2020\/11\/jogapiekna_olejek-rollon_doterra-passion-doterra.jpg\" \/>\n\t<meta property=\"og:image:width\" content=\"1000\" \/>\n\t<meta property=\"og:image:height\" content=\"1000\" \/>\n\t<meta property=\"og:image:type\" content=\"image\/jpeg\" \/>\n<meta name=\"twitter:card\" content=\"summary_large_image\" \/>\n<meta name=\"twitter:label1\" content=\"Estimated reading time\" \/>\n\t<meta name=\"twitter:data1\" content=\"2 minutes\" \/>\n<script type=\"application\/ld+json\" class=\"yoast-schema-graph\">{\"@context\":\"https:\/\/schema.org\",\"@graph\":[{\"@type\":\"WebPage\",\"@id\":\"https:\/\/jogapiekna.com\/produkt\/olejek-eteryczny-doterra-passion-roll-on-10-ml\/\",\"url\":\"https:\/\/jogapiekna.com\/produkt\/olejek-eteryczny-doterra-passion-roll-on-10-ml\/\",\"name\":\"OLEJEK eteryczny doTERRA Touch \u2022 Passion\u00ae\u00a0Touch \u2022 10 ml | Joga Pi\u0119kna | Ajurweda\",\"isPartOf\":{\"@id\":\"https:\/\/jogapiekna.com\/#website\"},\"primaryImageOfPage\":{\"@id\":\"https:\/\/jogapiekna.com\/produkt\/olejek-eteryczny-doterra-passion-roll-on-10-ml\/#primaryimage\"},\"image\":{\"@id\":\"https:\/\/jogapiekna.com\/produkt\/olejek-eteryczny-doterra-passion-roll-on-10-ml\/#primaryimage\"},\"thumbnailUrl\":\"https:\/\/jogapiekna.com\/wp-content\/uploads\/2020\/11\/jogapiekna_olejek-rollon_doterra-passion-doterra.jpg\",\"datePublished\":\"2022-08-01T21:16:58+00:00\",\"dateModified\":\"2026-02-02T09:09:53+00:00\",\"description\":\"doTERRA Passion Touch \u0142\u0105czy frakcjonowany olej kokosowy z mieszank\u0105 przypraw i zi\u00f3\u0142 doTERRA Passion, aby pom\u00f3c Ci o\u017cywi\u0107 emocje w Twoim \u017cyciu.\u00a0Ta pikantna, ciep\u0142a mieszanka olejk\u00f3w eterycznych, zapakowana w wygodny 10 ml roll-on, mo\u017ce by\u0107 u\u017cywana jako osobisty zapach lub nak\u0142adana na punkty t\u0119tna lub mostek, aby rozpali\u0107 uczucie podniecenia, pasji i rado\u015bci.\",\"breadcrumb\":{\"@id\":\"https:\/\/jogapiekna.com\/produkt\/olejek-eteryczny-doterra-passion-roll-on-10-ml\/#breadcrumb\"},\"inLanguage\":\"en-GB\",\"potentialAction\":[{\"@type\":\"ReadAction\",\"target\":[\"https:\/\/jogapiekna.com\/produkt\/olejek-eteryczny-doterra-passion-roll-on-10-ml\/\"]}]},{\"@type\":\"ImageObject\",\"inLanguage\":\"en-GB\",\"@id\":\"https:\/\/jogapiekna.com\/produkt\/olejek-eteryczny-doterra-passion-roll-on-10-ml\/#primaryimage\",\"url\":\"https:\/\/jogapiekna.com\/wp-content\/uploads\/2020\/11\/jogapiekna_olejek-rollon_doterra-passion-doterra.jpg\",\"contentUrl\":\"https:\/\/jogapiekna.com\/wp-content\/uploads\/2020\/11\/jogapiekna_olejek-rollon_doterra-passion-doterra.jpg\",\"width\":1000,\"height\":1000,\"caption\":\"OLEJEK eteryczny doTERRA Touch \u2022 Passion\u00ae\u00a0Touch \u2022 10 ml\"},{\"@type\":\"BreadcrumbList\",\"@id\":\"https:\/\/jogapiekna.com\/produkt\/olejek-eteryczny-doterra-passion-roll-on-10-ml\/#breadcrumb\",\"itemListElement\":[{\"@type\":\"ListItem\",\"position\":1,\"name\":\"Strona g\u0142\u00f3wna\",\"item\":\"https:\/\/jogapiekna.com\/\"},{\"@type\":\"ListItem\",\"position\":2,\"name\":\"Sklep\",\"item\":\"https:\/\/jogapiekna.com\/sklep\/\"},{\"@type\":\"ListItem\",\"position\":3,\"name\":\"OLEJEK eteryczny doTERRA Touch \u2022 Passion\u00ae\u00a0Touch \u2022 10 ml\"}]},{\"@type\":\"WebSite\",\"@id\":\"https:\/\/jogapiekna.com\/#website\",\"url\":\"https:\/\/jogapiekna.com\/\",\"name\":\"Joga Pi\u0119kna Marta Kuci\u0144ska\",\"description\":\"Joga Pi\u0119kna pomaga kobietom zachowa\u0107 urod\u0119, cofn\u0105\u0107 oznaki up\u0142ywaj\u0105cego czasu i zm\u0119czenia, odzyska\u0107 promienny wygl\u0105d, naturalny u\u015bmiech i popraw\u0119 w\u0142asnej samooceny.\",\"publisher\":{\"@id\":\"https:\/\/jogapiekna.com\/#organization\"},\"potentialAction\":[{\"@type\":\"SearchAction\",\"target\":{\"@type\":\"EntryPoint\",\"urlTemplate\":\"https:\/\/jogapiekna.com\/?s={search_term_string}\"},\"query-input\":{\"@type\":\"PropertyValueSpecification\",\"valueRequired\":true,\"valueName\":\"search_term_string\"}}],\"inLanguage\":\"en-GB\"},{\"@type\":\"Organization\",\"@id\":\"https:\/\/jogapiekna.com\/#organization\",\"name\":\"Joga Pi\u0119kna Marta Kuci\u0144ska\",\"url\":\"https:\/\/jogapiekna.com\/\",\"logo\":{\"@type\":\"ImageObject\",\"inLanguage\":\"en-GB\",\"@id\":\"https:\/\/jogapiekna.com\/#\/schema\/logo\/image\/\",\"url\":\"https:\/\/jogapiekna.com\/wp-content\/uploads\/2022\/09\/joga-piekna-logo_Rka.png\",\"contentUrl\":\"https:\/\/jogapiekna.com\/wp-content\/uploads\/2022\/09\/joga-piekna-logo_Rka.png\",\"width\":231,\"height\":124,\"caption\":\"Joga Pi\u0119kna Marta Kuci\u0144ska\"},\"image\":{\"@id\":\"https:\/\/jogapiekna.com\/#\/schema\/logo\/image\/\"},\"sameAs\":[\"https:\/\/www.facebook.com\/JogaPieknaCom\/\",\"https:\/\/www.instagram.com\/jogapieknacom\/\"]}]}<\/script>\n<!-- \/ Yoast SEO plugin. -->","yoast_head_json":{"title":"OLEJEK eteryczny doTERRA Touch \u2022 Passion\u00ae\u00a0Touch \u2022 10 ml | Joga Pi\u0119kna | Ajurweda","description":"doTERRA Passion Touch \u0142\u0105czy frakcjonowany olej kokosowy z mieszank\u0105 przypraw i zi\u00f3\u0142 doTERRA Passion, aby pom\u00f3c Ci o\u017cywi\u0107 emocje w Twoim \u017cyciu.\u00a0Ta pikantna, ciep\u0142a mieszanka olejk\u00f3w eterycznych, zapakowana w wygodny 10 ml roll-on, mo\u017ce by\u0107 u\u017cywana jako osobisty zapach lub nak\u0142adana na punkty t\u0119tna lub mostek, aby rozpali\u0107 uczucie podniecenia, pasji i rado\u015bci.","robots":{"index":"index","follow":"follow","max-snippet":"max-snippet:-1","max-image-preview":"max-image-preview:large","max-video-preview":"max-video-preview:-1"},"canonical":"https:\/\/jogapiekna.com\/en\/product\/olejek-eteryczny-doterra-passion-roll-on-10-ml\/","og_locale":"en_GB","og_type":"article","og_title":"OLEJEK eteryczny doTERRA Touch \u2022 Passion\u00ae\u00a0Touch \u2022 10 ml | Joga Pi\u0119kna | Ajurweda","og_description":"doTERRA Passion Touch \u0142\u0105czy frakcjonowany olej kokosowy z mieszank\u0105 przypraw i zi\u00f3\u0142 doTERRA Passion, aby pom\u00f3c Ci o\u017cywi\u0107 emocje w Twoim \u017cyciu.\u00a0Ta pikantna, ciep\u0142a mieszanka olejk\u00f3w eterycznych, zapakowana w wygodny 10 ml roll-on, mo\u017ce by\u0107 u\u017cywana jako osobisty zapach lub nak\u0142adana na punkty t\u0119tna lub mostek, aby rozpali\u0107 uczucie podniecenia, pasji i rado\u015bci.","og_url":"https:\/\/jogapiekna.com\/en\/product\/olejek-eteryczny-doterra-passion-roll-on-10-ml\/","og_site_name":"JOGA PI\u0118KNA | Joga Twarzy","article_publisher":"https:\/\/www.facebook.com\/JogaPieknaCom\/","article_modified_time":"2026-02-02T09:09:53+00:00","og_image":[{"width":1000,"height":1000,"url":"https:\/\/jogapiekna.com\/wp-content\/uploads\/2020\/11\/jogapiekna_olejek-rollon_doterra-passion-doterra.jpg","type":"image\/jpeg"}],"twitter_card":"summary_large_image","twitter_misc":{"Estimated reading time":"2 minutes"},"schema":{"@context":"https:\/\/schema.org","@graph":[{"@type":"WebPage","@id":"https:\/\/jogapiekna.com\/produkt\/olejek-eteryczny-doterra-passion-roll-on-10-ml\/","url":"https:\/\/jogapiekna.com\/produkt\/olejek-eteryczny-doterra-passion-roll-on-10-ml\/","name":"OLEJEK eteryczny doTERRA Touch \u2022 Passion\u00ae\u00a0Touch \u2022 10 ml | Joga Pi\u0119kna | Ajurweda","isPartOf":{"@id":"https:\/\/jogapiekna.com\/#website"},"primaryImageOfPage":{"@id":"https:\/\/jogapiekna.com\/produkt\/olejek-eteryczny-doterra-passion-roll-on-10-ml\/#primaryimage"},"image":{"@id":"https:\/\/jogapiekna.com\/produkt\/olejek-eteryczny-doterra-passion-roll-on-10-ml\/#primaryimage"},"thumbnailUrl":"https:\/\/jogapiekna.com\/wp-content\/uploads\/2020\/11\/jogapiekna_olejek-rollon_doterra-passion-doterra.jpg","datePublished":"2022-08-01T21:16:58+00:00","dateModified":"2026-02-02T09:09:53+00:00","description":"doTERRA Passion Touch \u0142\u0105czy frakcjonowany olej kokosowy z mieszank\u0105 przypraw i zi\u00f3\u0142 doTERRA Passion, aby pom\u00f3c Ci o\u017cywi\u0107 emocje w Twoim \u017cyciu.\u00a0Ta pikantna, ciep\u0142a mieszanka olejk\u00f3w eterycznych, zapakowana w wygodny 10 ml roll-on, mo\u017ce by\u0107 u\u017cywana jako osobisty zapach lub nak\u0142adana na punkty t\u0119tna lub mostek, aby rozpali\u0107 uczucie podniecenia, pasji i rado\u015bci.","breadcrumb":{"@id":"https:\/\/jogapiekna.com\/produkt\/olejek-eteryczny-doterra-passion-roll-on-10-ml\/#breadcrumb"},"inLanguage":"en-GB","potentialAction":[{"@type":"ReadAction","target":["https:\/\/jogapiekna.com\/produkt\/olejek-eteryczny-doterra-passion-roll-on-10-ml\/"]}]},{"@type":"ImageObject","inLanguage":"en-GB","@id":"https:\/\/jogapiekna.com\/produkt\/olejek-eteryczny-doterra-passion-roll-on-10-ml\/#primaryimage","url":"https:\/\/jogapiekna.com\/wp-content\/uploads\/2020\/11\/jogapiekna_olejek-rollon_doterra-passion-doterra.jpg","contentUrl":"https:\/\/jogapiekna.com\/wp-content\/uploads\/2020\/11\/jogapiekna_olejek-rollon_doterra-passion-doterra.jpg","width":1000,"height":1000,"caption":"OLEJEK eteryczny doTERRA Touch \u2022 Passion\u00ae\u00a0Touch \u2022 10 ml"},{"@type":"BreadcrumbList","@id":"https:\/\/jogapiekna.com\/produkt\/olejek-eteryczny-doterra-passion-roll-on-10-ml\/#breadcrumb","itemListElement":[{"@type":"ListItem","position":1,"name":"Strona g\u0142\u00f3wna","item":"https:\/\/jogapiekna.com\/"},{"@type":"ListItem","position":2,"name":"Sklep","item":"https:\/\/jogapiekna.com\/sklep\/"},{"@type":"ListItem","position":3,"name":"OLEJEK eteryczny doTERRA Touch \u2022 Passion\u00ae\u00a0Touch \u2022 10 ml"}]},{"@type":"WebSite","@id":"https:\/\/jogapiekna.com\/#website","url":"https:\/\/jogapiekna.com\/","name":"Yoga Beauty Marta Kuci\u0144ska","description":"Beauty Yoga helps women to maintain their beauty, reverse the signs of passing time and fatigue, regain a radiant appearance, natural smile and improve their self-esteem.","publisher":{"@id":"https:\/\/jogapiekna.com\/#organization"},"potentialAction":[{"@type":"SearchAction","target":{"@type":"EntryPoint","urlTemplate":"https:\/\/jogapiekna.com\/?s={search_term_string}"},"query-input":{"@type":"PropertyValueSpecification","valueRequired":true,"valueName":"search_term_string"}}],"inLanguage":"en-GB"},{"@type":"Organization","@id":"https:\/\/jogapiekna.com\/#organization","name":"Yoga Beauty Marta Kuci\u0144ska","url":"https:\/\/jogapiekna.com\/","logo":{"@type":"ImageObject","inLanguage":"en-GB","@id":"https:\/\/jogapiekna.com\/#\/schema\/logo\/image\/","url":"https:\/\/jogapiekna.com\/wp-content\/uploads\/2022\/09\/joga-piekna-logo_Rka.png","contentUrl":"https:\/\/jogapiekna.com\/wp-content\/uploads\/2022\/09\/joga-piekna-logo_Rka.png","width":231,"height":124,"caption":"Joga Pi\u0119kna Marta Kuci\u0144ska"},"image":{"@id":"https:\/\/jogapiekna.com\/#\/schema\/logo\/image\/"},"sameAs":["https:\/\/www.facebook.com\/JogaPieknaCom\/","https:\/\/www.instagram.com\/jogapieknacom\/"]}]}},"_links":{"self":[{"href":"https:\/\/jogapiekna.com\/en\/wp-json\/wp\/v2\/product\/91938","targetHints":{"allow":["GET"]}}],"collection":[{"href":"https:\/\/jogapiekna.com\/en\/wp-json\/wp\/v2\/product"}],"about":[{"href":"https:\/\/jogapiekna.com\/en\/wp-json\/wp\/v2\/types\/product"}],"replies":[{"embeddable":true,"href":"https:\/\/jogapiekna.com\/en\/wp-json\/wp\/v2\/comments?post=91938"}],"version-history":[{"count":1,"href":"https:\/\/jogapiekna.com\/en\/wp-json\/wp\/v2\/product\/91938\/revisions"}],"predecessor-version":[{"id":211228,"href":"https:\/\/jogapiekna.com\/en\/wp-json\/wp\/v2\/product\/91938\/revisions\/211228"}],"wp:featuredmedia":[{"embeddable":true,"href":"https:\/\/jogapiekna.com\/en\/wp-json\/wp\/v2\/media\/94703"}],"wp:attachment":[{"href":"https:\/\/jogapiekna.com\/en\/wp-json\/wp\/v2\/media?parent=91938"}],"wp:term":[{"taxonomy":"product_brand","embeddable":true,"href":"https:\/\/jogapiekna.com\/en\/wp-json\/wp\/v2\/product_brand?post=91938"},{"taxonomy":"product_cat","embeddable":true,"href":"https:\/\/jogapiekna.com\/en\/wp-json\/wp\/v2\/product_cat?post=91938"},{"taxonomy":"product_tag","embeddable":true,"href":"https:\/\/jogapiekna.com\/en\/wp-json\/wp\/v2\/product_tag?post=91938"}],"curies":[{"name":"wp","href":"https:\/\/api.w.org\/{rel}","templated":true}]}}