{"id":91995,"date":"2022-08-02T13:39:42","date_gmt":"2022-08-02T11:39:42","guid":{"rendered":"https:\/\/jogapiekna.com\/?post_type=product&#038;p=91995"},"modified":"2026-02-02T10:09:40","modified_gmt":"2026-02-02T09:09:40","slug":"olejek-eteryczny-doterra-touch-jasmine-touch-10-ml","status":"publish","type":"product","link":"https:\/\/jogapiekna.com\/en\/product\/olejek-eteryczny-doterra-touch-jasmine-touch-10-ml\/","title":{"rendered":"doTERRA Touch Essential Oil * Jasmine \u2022 Jasmine * 10 ml"},"content":{"rendered":"<p>Experience the cherished fragrance and countless benefits of jasmine oil in a convenient roll. Jasmine Touch combines fractionated coconut oil and Jasmine Absolute for gentle application and repeated use. Jasmine Touch can be applied to your pulse points for a soothing yet euphoric fragrance that improves your mood and promotes a positive mood. Known for its skin benefits, Jasmine Touch can help reduce skin imperfections and promote a healthy, radiant complexion. Considered the\u201d king of flowers&#034;, Jasmine is prized for its strong aromatic aroma, making Jasmine Touch ideal for use as a personal fragrance throughout the day.<\/p>\n<p><strong>Main advantages <\/strong><\/p>\n<ul>\n<li>Reduces skin imperfections<\/li>\n<li>It lifts your mood<\/li>\n<li>Promotes a healthy, radiant complexion\u2028<\/li>\n<\/ul>\n<p><strong> Application Tips <\/strong><\/p>\n<ul>\n<li> <strong>Local application:<\/strong>\u00a0Apply one or two drops to the selected area. See additional precautions below. <\/li>\n<\/ul>\n<p><strong> Signal: <\/strong><br \/>\nKeep out of reach of children. Possible hypersensitivity of the skin. Avoid contact with eyes, inner ears, and sensitive areas. If you are pregnant, nursing, or under medical supervision, please consult your doctor.<\/p>\n<p><strong>All doTERRA oils are clean and safe. They are certified CPTG (Certified Pure Therapeutic Grade\u00ae) - certified pure therapeutic grade.<\/strong> They can be safely used internally, lubricated the body, and inhaled.<\/p>\n<p><strong>CPTG-Certified Pure Therapeutic Grade (ACKT-Certified Pure therapeutic Grade)<\/strong> doTERRA oils, which makes it absolutely safe to use oils orally (those intended for internal use), as well as in small children.<\/p>\n<p>What does such a certificate mean?<\/p>\n<ul>\n<li>quality without pesticides and heavy metals,<\/li>\n<li>no artificial colors or fillers,<\/li>\n<li>kontrolowane uprawy na obszarach, gdzie naturalnie wyst\u0119puje dana ro\u015blina i zbieranie jej w optymalnym momencie<\/li>\n<li>brak domieszek olejk\u00f3w z innych ro\u015blinnych<\/li>\n<li>brak domieszek olejk\u00f3w syntetycznych<\/li>\n<\/ul>","protected":false},"excerpt":{"rendered":"<p style=\"text-align: left;\">10 ml<\/p>","protected":false},"featured_media":94705,"comment_status":"closed","ping_status":"closed","template":"","meta":{"_acf_changed":false,"site-sidebar-layout":"default","site-content-layout":"","ast-site-content-layout":"default","site-content-style":"default","site-sidebar-style":"default","ast-global-header-display":"","ast-banner-title-visibility":"","ast-main-header-display":"","ast-hfb-above-header-display":"","ast-hfb-below-header-display":"","ast-hfb-mobile-header-display":"","site-post-title":"","ast-breadcrumbs-content":"","ast-featured-img":"","footer-sml-layout":"","ast-disable-related-posts":"","theme-transparent-header-meta":"","adv-header-id-meta":"","stick-header-meta":"","header-above-stick-meta":"","header-main-stick-meta":"","header-below-stick-meta":"","astra-migrate-meta-layouts":"default","ast-page-background-enabled":"default","ast-page-background-meta":{"desktop":{"background-color":"var(--ast-global-color-5)","background-image":"","background-repeat":"repeat","background-position":"center center","background-size":"auto","background-attachment":"scroll","background-type":"","background-media":"","overlay-type":"","overlay-color":"","overlay-opacity":"","overlay-gradient":""},"tablet":{"background-color":"","background-image":"","background-repeat":"repeat","background-position":"center center","background-size":"auto","background-attachment":"scroll","background-type":"","background-media":"","overlay-type":"","overlay-color":"","overlay-opacity":"","overlay-gradient":""},"mobile":{"background-color":"","background-image":"","background-repeat":"repeat","background-position":"center center","background-size":"auto","background-attachment":"scroll","background-type":"","background-media":"","overlay-type":"","overlay-color":"","overlay-opacity":"","overlay-gradient":""}},"ast-content-background-meta":{"desktop":{"background-color":"var(--ast-global-color-4)","background-image":"","background-repeat":"repeat","background-position":"center center","background-size":"auto","background-attachment":"scroll","background-type":"","background-media":"","overlay-type":"","overlay-color":"","overlay-opacity":"","overlay-gradient":""},"tablet":{"background-color":"var(--ast-global-color-4)","background-image":"","background-repeat":"repeat","background-position":"center center","background-size":"auto","background-attachment":"scroll","background-type":"","background-media":"","overlay-type":"","overlay-color":"","overlay-opacity":"","overlay-gradient":""},"mobile":{"background-color":"var(--ast-global-color-4)","background-image":"","background-repeat":"repeat","background-position":"center center","background-size":"auto","background-attachment":"scroll","background-type":"","background-media":"","overlay-type":"","overlay-color":"","overlay-opacity":"","overlay-gradient":""}}},"product_brand":[],"product_cat":[642],"product_tag":[144,587,588,57,590,591,589],"class_list":{"0":"post-91995","1":"product","2":"type-product","3":"status-publish","4":"has-post-thumbnail","6":"product_cat-olejki-eteryczne","7":"product_tag-doterra","8":"product_tag-jasmin","9":"product_tag-jasmine","10":"product_tag-olejek-eteryczny","11":"product_tag-podniesienie-nastroju","12":"product_tag-promienna-cera","13":"product_tag-redukacja-niedoskonalosci-skory","14":"desktop-align-left","15":"tablet-align-left","16":"mobile-align-left","18":"first","19":"instock","20":"taxable","21":"shipping-taxable","22":"purchasable","23":"product-type-simple"},"acf":[],"yoast_head":"<!-- This site is optimized with the Yoast SEO plugin v27.2 - https:\/\/yoast.com\/product\/yoast-seo-wordpress\/ -->\n<title>OLEJEK eteryczny doTERRA Touch \u2022 Ja\u015bmin \u2022 Jasmine \u2022 10 ml | Joga Pi\u0119kna | Ajurweda<\/title>\n<meta name=\"description\" content=\"Jasmine Touch \u0142\u0105czy frakcjonowany olej kokosowy i absolut ja\u015bminu, zapewniaj\u0105c delikatn\u0105 aplikacj\u0119 i wiele zastosowa\u0144.\u00a0Jasmine Touch mo\u017cna nak\u0142ada\u0107 na punkty t\u0119tna, aby uzyska\u0107 uspokajaj\u0105cy, ale euforyczny aromat, kt\u00f3ry poprawia nastr\u00f3j i promuje pozytywne nastawienie.\" \/>\n<meta name=\"robots\" content=\"index, follow, max-snippet:-1, max-image-preview:large, max-video-preview:-1\" \/>\n<link rel=\"canonical\" href=\"https:\/\/jogapiekna.com\/en\/product\/olejek-eteryczny-doterra-touch-jasmine-touch-10-ml\/\" \/>\n<meta property=\"og:locale\" content=\"en_GB\" \/>\n<meta property=\"og:type\" content=\"article\" \/>\n<meta property=\"og:title\" content=\"OLEJEK eteryczny doTERRA Touch \u2022 Ja\u015bmin \u2022 Jasmine \u2022 10 ml | Joga Pi\u0119kna | Ajurweda\" \/>\n<meta property=\"og:description\" content=\"Jasmine Touch \u0142\u0105czy frakcjonowany olej kokosowy i absolut ja\u015bminu, zapewniaj\u0105c delikatn\u0105 aplikacj\u0119 i wiele zastosowa\u0144.\u00a0Jasmine Touch mo\u017cna nak\u0142ada\u0107 na punkty t\u0119tna, aby uzyska\u0107 uspokajaj\u0105cy, ale euforyczny aromat, kt\u00f3ry poprawia nastr\u00f3j i promuje pozytywne nastawienie.\" \/>\n<meta property=\"og:url\" content=\"https:\/\/jogapiekna.com\/en\/product\/olejek-eteryczny-doterra-touch-jasmine-touch-10-ml\/\" \/>\n<meta property=\"og:site_name\" content=\"JOGA PI\u0118KNA | Joga Twarzy\" \/>\n<meta property=\"article:publisher\" content=\"https:\/\/www.facebook.com\/JogaPieknaCom\/\" \/>\n<meta property=\"article:modified_time\" content=\"2026-02-02T09:09:40+00:00\" \/>\n<meta property=\"og:image\" content=\"https:\/\/jogapiekna.com\/wp-content\/uploads\/2020\/11\/jogapiekna_olejek-rollon_doterra-jasmine-doterra.jpg\" \/>\n\t<meta property=\"og:image:width\" content=\"1000\" \/>\n\t<meta property=\"og:image:height\" content=\"1000\" \/>\n\t<meta property=\"og:image:type\" content=\"image\/jpeg\" \/>\n<meta name=\"twitter:card\" content=\"summary_large_image\" \/>\n<meta name=\"twitter:label1\" content=\"Estimated reading time\" \/>\n\t<meta name=\"twitter:data1\" content=\"2 minutes\" \/>\n<script type=\"application\/ld+json\" class=\"yoast-schema-graph\">{\"@context\":\"https:\/\/schema.org\",\"@graph\":[{\"@type\":\"WebPage\",\"@id\":\"https:\/\/jogapiekna.com\/produkt\/olejek-eteryczny-doterra-touch-jasmine-touch-10-ml\/\",\"url\":\"https:\/\/jogapiekna.com\/produkt\/olejek-eteryczny-doterra-touch-jasmine-touch-10-ml\/\",\"name\":\"OLEJEK eteryczny doTERRA Touch \u2022 Ja\u015bmin \u2022 Jasmine \u2022 10 ml | Joga Pi\u0119kna | Ajurweda\",\"isPartOf\":{\"@id\":\"https:\/\/jogapiekna.com\/#website\"},\"primaryImageOfPage\":{\"@id\":\"https:\/\/jogapiekna.com\/produkt\/olejek-eteryczny-doterra-touch-jasmine-touch-10-ml\/#primaryimage\"},\"image\":{\"@id\":\"https:\/\/jogapiekna.com\/produkt\/olejek-eteryczny-doterra-touch-jasmine-touch-10-ml\/#primaryimage\"},\"thumbnailUrl\":\"https:\/\/jogapiekna.com\/wp-content\/uploads\/2020\/11\/jogapiekna_olejek-rollon_doterra-jasmine-doterra.jpg\",\"datePublished\":\"2022-08-02T11:39:42+00:00\",\"dateModified\":\"2026-02-02T09:09:40+00:00\",\"description\":\"Jasmine Touch \u0142\u0105czy frakcjonowany olej kokosowy i absolut ja\u015bminu, zapewniaj\u0105c delikatn\u0105 aplikacj\u0119 i wiele zastosowa\u0144.\u00a0Jasmine Touch mo\u017cna nak\u0142ada\u0107 na punkty t\u0119tna, aby uzyska\u0107 uspokajaj\u0105cy, ale euforyczny aromat, kt\u00f3ry poprawia nastr\u00f3j i promuje pozytywne nastawienie.\",\"breadcrumb\":{\"@id\":\"https:\/\/jogapiekna.com\/produkt\/olejek-eteryczny-doterra-touch-jasmine-touch-10-ml\/#breadcrumb\"},\"inLanguage\":\"en-GB\",\"potentialAction\":[{\"@type\":\"ReadAction\",\"target\":[\"https:\/\/jogapiekna.com\/produkt\/olejek-eteryczny-doterra-touch-jasmine-touch-10-ml\/\"]}]},{\"@type\":\"ImageObject\",\"inLanguage\":\"en-GB\",\"@id\":\"https:\/\/jogapiekna.com\/produkt\/olejek-eteryczny-doterra-touch-jasmine-touch-10-ml\/#primaryimage\",\"url\":\"https:\/\/jogapiekna.com\/wp-content\/uploads\/2020\/11\/jogapiekna_olejek-rollon_doterra-jasmine-doterra.jpg\",\"contentUrl\":\"https:\/\/jogapiekna.com\/wp-content\/uploads\/2020\/11\/jogapiekna_olejek-rollon_doterra-jasmine-doterra.jpg\",\"width\":1000,\"height\":1000,\"caption\":\"OLEJEK eteryczny doTERRA Touch \u2022Ja\u015bmin \u2022 Jasmine \u2022 10 ml\"},{\"@type\":\"BreadcrumbList\",\"@id\":\"https:\/\/jogapiekna.com\/produkt\/olejek-eteryczny-doterra-touch-jasmine-touch-10-ml\/#breadcrumb\",\"itemListElement\":[{\"@type\":\"ListItem\",\"position\":1,\"name\":\"Strona g\u0142\u00f3wna\",\"item\":\"https:\/\/jogapiekna.com\/\"},{\"@type\":\"ListItem\",\"position\":2,\"name\":\"Sklep\",\"item\":\"https:\/\/jogapiekna.com\/sklep\/\"},{\"@type\":\"ListItem\",\"position\":3,\"name\":\"OLEJEK eteryczny doTERRA Touch \u2022 Ja\u015bmin \u2022 Jasmine \u2022 10 ml\"}]},{\"@type\":\"WebSite\",\"@id\":\"https:\/\/jogapiekna.com\/#website\",\"url\":\"https:\/\/jogapiekna.com\/\",\"name\":\"Joga Pi\u0119kna Marta Kuci\u0144ska\",\"description\":\"Joga Pi\u0119kna pomaga kobietom zachowa\u0107 urod\u0119, cofn\u0105\u0107 oznaki up\u0142ywaj\u0105cego czasu i zm\u0119czenia, odzyska\u0107 promienny wygl\u0105d, naturalny u\u015bmiech i popraw\u0119 w\u0142asnej samooceny.\",\"publisher\":{\"@id\":\"https:\/\/jogapiekna.com\/#organization\"},\"potentialAction\":[{\"@type\":\"SearchAction\",\"target\":{\"@type\":\"EntryPoint\",\"urlTemplate\":\"https:\/\/jogapiekna.com\/?s={search_term_string}\"},\"query-input\":{\"@type\":\"PropertyValueSpecification\",\"valueRequired\":true,\"valueName\":\"search_term_string\"}}],\"inLanguage\":\"en-GB\"},{\"@type\":\"Organization\",\"@id\":\"https:\/\/jogapiekna.com\/#organization\",\"name\":\"Joga Pi\u0119kna Marta Kuci\u0144ska\",\"url\":\"https:\/\/jogapiekna.com\/\",\"logo\":{\"@type\":\"ImageObject\",\"inLanguage\":\"en-GB\",\"@id\":\"https:\/\/jogapiekna.com\/#\/schema\/logo\/image\/\",\"url\":\"https:\/\/jogapiekna.com\/wp-content\/uploads\/2022\/09\/joga-piekna-logo_Rka.png\",\"contentUrl\":\"https:\/\/jogapiekna.com\/wp-content\/uploads\/2022\/09\/joga-piekna-logo_Rka.png\",\"width\":231,\"height\":124,\"caption\":\"Joga Pi\u0119kna Marta Kuci\u0144ska\"},\"image\":{\"@id\":\"https:\/\/jogapiekna.com\/#\/schema\/logo\/image\/\"},\"sameAs\":[\"https:\/\/www.facebook.com\/JogaPieknaCom\/\",\"https:\/\/www.instagram.com\/jogapieknacom\/\"]}]}<\/script>\n<!-- \/ Yoast SEO plugin. -->","yoast_head_json":{"title":"OLEJEK eteryczny doTERRA Touch \u2022 Ja\u015bmin \u2022 Jasmine \u2022 10 ml | Joga Pi\u0119kna | Ajurweda","description":"Jasmine Touch \u0142\u0105czy frakcjonowany olej kokosowy i absolut ja\u015bminu, zapewniaj\u0105c delikatn\u0105 aplikacj\u0119 i wiele zastosowa\u0144.\u00a0Jasmine Touch mo\u017cna nak\u0142ada\u0107 na punkty t\u0119tna, aby uzyska\u0107 uspokajaj\u0105cy, ale euforyczny aromat, kt\u00f3ry poprawia nastr\u00f3j i promuje pozytywne nastawienie.","robots":{"index":"index","follow":"follow","max-snippet":"max-snippet:-1","max-image-preview":"max-image-preview:large","max-video-preview":"max-video-preview:-1"},"canonical":"https:\/\/jogapiekna.com\/en\/product\/olejek-eteryczny-doterra-touch-jasmine-touch-10-ml\/","og_locale":"en_GB","og_type":"article","og_title":"OLEJEK eteryczny doTERRA Touch \u2022 Ja\u015bmin \u2022 Jasmine \u2022 10 ml | Joga Pi\u0119kna | Ajurweda","og_description":"Jasmine Touch \u0142\u0105czy frakcjonowany olej kokosowy i absolut ja\u015bminu, zapewniaj\u0105c delikatn\u0105 aplikacj\u0119 i wiele zastosowa\u0144.\u00a0Jasmine Touch mo\u017cna nak\u0142ada\u0107 na punkty t\u0119tna, aby uzyska\u0107 uspokajaj\u0105cy, ale euforyczny aromat, kt\u00f3ry poprawia nastr\u00f3j i promuje pozytywne nastawienie.","og_url":"https:\/\/jogapiekna.com\/en\/product\/olejek-eteryczny-doterra-touch-jasmine-touch-10-ml\/","og_site_name":"JOGA PI\u0118KNA | Joga Twarzy","article_publisher":"https:\/\/www.facebook.com\/JogaPieknaCom\/","article_modified_time":"2026-02-02T09:09:40+00:00","og_image":[{"width":1000,"height":1000,"url":"https:\/\/jogapiekna.com\/wp-content\/uploads\/2020\/11\/jogapiekna_olejek-rollon_doterra-jasmine-doterra.jpg","type":"image\/jpeg"}],"twitter_card":"summary_large_image","twitter_misc":{"Estimated reading time":"2 minutes"},"schema":{"@context":"https:\/\/schema.org","@graph":[{"@type":"WebPage","@id":"https:\/\/jogapiekna.com\/produkt\/olejek-eteryczny-doterra-touch-jasmine-touch-10-ml\/","url":"https:\/\/jogapiekna.com\/produkt\/olejek-eteryczny-doterra-touch-jasmine-touch-10-ml\/","name":"OLEJEK eteryczny doTERRA Touch \u2022 Ja\u015bmin \u2022 Jasmine \u2022 10 ml | Joga Pi\u0119kna | Ajurweda","isPartOf":{"@id":"https:\/\/jogapiekna.com\/#website"},"primaryImageOfPage":{"@id":"https:\/\/jogapiekna.com\/produkt\/olejek-eteryczny-doterra-touch-jasmine-touch-10-ml\/#primaryimage"},"image":{"@id":"https:\/\/jogapiekna.com\/produkt\/olejek-eteryczny-doterra-touch-jasmine-touch-10-ml\/#primaryimage"},"thumbnailUrl":"https:\/\/jogapiekna.com\/wp-content\/uploads\/2020\/11\/jogapiekna_olejek-rollon_doterra-jasmine-doterra.jpg","datePublished":"2022-08-02T11:39:42+00:00","dateModified":"2026-02-02T09:09:40+00:00","description":"Jasmine Touch \u0142\u0105czy frakcjonowany olej kokosowy i absolut ja\u015bminu, zapewniaj\u0105c delikatn\u0105 aplikacj\u0119 i wiele zastosowa\u0144.\u00a0Jasmine Touch mo\u017cna nak\u0142ada\u0107 na punkty t\u0119tna, aby uzyska\u0107 uspokajaj\u0105cy, ale euforyczny aromat, kt\u00f3ry poprawia nastr\u00f3j i promuje pozytywne nastawienie.","breadcrumb":{"@id":"https:\/\/jogapiekna.com\/produkt\/olejek-eteryczny-doterra-touch-jasmine-touch-10-ml\/#breadcrumb"},"inLanguage":"en-GB","potentialAction":[{"@type":"ReadAction","target":["https:\/\/jogapiekna.com\/produkt\/olejek-eteryczny-doterra-touch-jasmine-touch-10-ml\/"]}]},{"@type":"ImageObject","inLanguage":"en-GB","@id":"https:\/\/jogapiekna.com\/produkt\/olejek-eteryczny-doterra-touch-jasmine-touch-10-ml\/#primaryimage","url":"https:\/\/jogapiekna.com\/wp-content\/uploads\/2020\/11\/jogapiekna_olejek-rollon_doterra-jasmine-doterra.jpg","contentUrl":"https:\/\/jogapiekna.com\/wp-content\/uploads\/2020\/11\/jogapiekna_olejek-rollon_doterra-jasmine-doterra.jpg","width":1000,"height":1000,"caption":"OLEJEK eteryczny doTERRA Touch \u2022Ja\u015bmin \u2022 Jasmine \u2022 10 ml"},{"@type":"BreadcrumbList","@id":"https:\/\/jogapiekna.com\/produkt\/olejek-eteryczny-doterra-touch-jasmine-touch-10-ml\/#breadcrumb","itemListElement":[{"@type":"ListItem","position":1,"name":"Strona g\u0142\u00f3wna","item":"https:\/\/jogapiekna.com\/"},{"@type":"ListItem","position":2,"name":"Sklep","item":"https:\/\/jogapiekna.com\/sklep\/"},{"@type":"ListItem","position":3,"name":"OLEJEK eteryczny doTERRA Touch \u2022 Ja\u015bmin \u2022 Jasmine \u2022 10 ml"}]},{"@type":"WebSite","@id":"https:\/\/jogapiekna.com\/#website","url":"https:\/\/jogapiekna.com\/","name":"Yoga Beauty Marta Kuci\u0144ska","description":"Beauty Yoga helps women to maintain their beauty, reverse the signs of passing time and fatigue, regain a radiant appearance, natural smile and improve their self-esteem.","publisher":{"@id":"https:\/\/jogapiekna.com\/#organization"},"potentialAction":[{"@type":"SearchAction","target":{"@type":"EntryPoint","urlTemplate":"https:\/\/jogapiekna.com\/?s={search_term_string}"},"query-input":{"@type":"PropertyValueSpecification","valueRequired":true,"valueName":"search_term_string"}}],"inLanguage":"en-GB"},{"@type":"Organization","@id":"https:\/\/jogapiekna.com\/#organization","name":"Yoga Beauty Marta Kuci\u0144ska","url":"https:\/\/jogapiekna.com\/","logo":{"@type":"ImageObject","inLanguage":"en-GB","@id":"https:\/\/jogapiekna.com\/#\/schema\/logo\/image\/","url":"https:\/\/jogapiekna.com\/wp-content\/uploads\/2022\/09\/joga-piekna-logo_Rka.png","contentUrl":"https:\/\/jogapiekna.com\/wp-content\/uploads\/2022\/09\/joga-piekna-logo_Rka.png","width":231,"height":124,"caption":"Joga Pi\u0119kna Marta Kuci\u0144ska"},"image":{"@id":"https:\/\/jogapiekna.com\/#\/schema\/logo\/image\/"},"sameAs":["https:\/\/www.facebook.com\/JogaPieknaCom\/","https:\/\/www.instagram.com\/jogapieknacom\/"]}]}},"_links":{"self":[{"href":"https:\/\/jogapiekna.com\/en\/wp-json\/wp\/v2\/product\/91995","targetHints":{"allow":["GET"]}}],"collection":[{"href":"https:\/\/jogapiekna.com\/en\/wp-json\/wp\/v2\/product"}],"about":[{"href":"https:\/\/jogapiekna.com\/en\/wp-json\/wp\/v2\/types\/product"}],"replies":[{"embeddable":true,"href":"https:\/\/jogapiekna.com\/en\/wp-json\/wp\/v2\/comments?post=91995"}],"version-history":[{"count":2,"href":"https:\/\/jogapiekna.com\/en\/wp-json\/wp\/v2\/product\/91995\/revisions"}],"predecessor-version":[{"id":211227,"href":"https:\/\/jogapiekna.com\/en\/wp-json\/wp\/v2\/product\/91995\/revisions\/211227"}],"wp:featuredmedia":[{"embeddable":true,"href":"https:\/\/jogapiekna.com\/en\/wp-json\/wp\/v2\/media\/94705"}],"wp:attachment":[{"href":"https:\/\/jogapiekna.com\/en\/wp-json\/wp\/v2\/media?parent=91995"}],"wp:term":[{"taxonomy":"product_brand","embeddable":true,"href":"https:\/\/jogapiekna.com\/en\/wp-json\/wp\/v2\/product_brand?post=91995"},{"taxonomy":"product_cat","embeddable":true,"href":"https:\/\/jogapiekna.com\/en\/wp-json\/wp\/v2\/product_cat?post=91995"},{"taxonomy":"product_tag","embeddable":true,"href":"https:\/\/jogapiekna.com\/en\/wp-json\/wp\/v2\/product_tag?post=91995"}],"curies":[{"name":"wp","href":"https:\/\/api.w.org\/{rel}","templated":true}]}}