{"id":92013,"date":"2022-08-02T14:47:22","date_gmt":"2022-08-02T12:47:22","guid":{"rendered":"https:\/\/jogapiekna.com\/?post_type=product&#038;p=92013"},"modified":"2026-02-02T10:09:32","modified_gmt":"2026-02-02T09:09:32","slug":"olejek-eteryczny-doterra-tangerine-15-ml","status":"publish","type":"product","link":"https:\/\/jogapiekna.com\/en\/product\/olejek-eteryczny-doterra-tangerine-15-ml\/","title":{"rendered":"doTERRA Essential Oil * Tangerine * Tangerine * 15 ml"},"content":{"rendered":"<p>Mandarin has a long history of use in Chinese culture. Thanks to its limonene content, the sweet tart aroma of tangerine is both uplifting and soothing. A popular and flavorful addition to desserts and beverages-from cakes to fruit smoothies-Tangerine is a savory addition to any recipe that calls for citrus. Try adding tangerine essential oil to your tea or lemonade for an invigorating touch!<\/p>\n<p><strong> Main advantages <\/strong><\/p>\n<ul>\n<li>The sweet taste of tangerine oil can add a savory flavor to a variety of baked goods.<\/li>\n<li>It goes well with warm and spicy oils like Cinnamon Bark or Clove.<\/li>\n<li>Tangerine has high levels of monoterpene limonene, which is often known for its invigorating properties\n<li>It has a beneficial effect on the immune system.<\/li>\n<li>Supports digestive processes.<\/li>\n<li>Helps calm your emotions.<\/li>\n<\/ul>\n<p><strong> Application <\/strong><\/p>\n<ul>\n<li>Apply topically to the wrists and neck for an invigorating fragrance throughout the day.<\/li>\n<li>Add citrus flavor to your favorite desserts by adding 2-3 drops to cakes, pastries, and more!<\/li>\n<li>During the hot summer months, create your own citrus ice cream using tangerine oil and lemonade.<\/li>\n<li>Add 1-2 drops to water, smoothies, teas, or lemonade for a refreshing drink.<\/li>\n<li>Use a few drops in the diffuser to surround yourself with a pleasant, calm aura.<\/li>\n<\/ul>\n<p><strong> Aromatic description <\/strong><br \/>\nSpicy, sweet, Fresh<\/p>\n<p><strong>Application Tips<\/strong><br \/>\nFor flavoring food.<\/p>\n<p><strong>Main Ingredients<\/strong><br \/>\nLimonene<\/p>\n<p><strong>Warnings:<\/strong><br \/>\nUse only diluted. Take no more than one drop per day. Keep out of reach of children. If you are pregnant or under medical supervision, please consult your doctor. Keep away from eyes, inner ears, face, sensitive areas and mucous membranes. In case of skin contact, avoid sunlight and UV rays for at least 12 hours.<\/p>\n<p><strong>All doTERRA oils are clean and safe. They are certified CPTG (Certified Pure Therapeutic Grade\u00ae) - certified pure therapeutic grade.<\/strong> They can be safely used internally, lubricated the body, and inhaled.<\/p>\n<p><strong>CPTG-Certified Pure Therapeutic Grade (ACKT-Certified Pure therapeutic Grade)<\/strong> doTERRA oils, which makes it absolutely safe to use oils orally (those intended for internal use), as well as in small children.<\/p>\n<p>What does such a certificate mean?<\/p>\n<ul>\n<li>quality without pesticides and heavy metals,<\/li>\n<li>no artificial colors or fillers,<\/li>\n<li>kontrolowane uprawy na obszarach, gdzie naturalnie wyst\u0119puje dana ro\u015blina i zbieranie jej w optymalnym momencie<\/li>\n<li>brak domieszek olejk\u00f3w z innych ro\u015blinnych<\/li>\n<li>brak domieszek olejk\u00f3w syntetycznych<\/li>\n<\/ul>","protected":false},"excerpt":{"rendered":"<p>15 ml \/ 300 drops<\/p>","protected":false},"featured_media":94673,"comment_status":"closed","ping_status":"closed","template":"","meta":{"_acf_changed":false,"site-sidebar-layout":"default","site-content-layout":"","ast-site-content-layout":"default","site-content-style":"default","site-sidebar-style":"default","ast-global-header-display":"","ast-banner-title-visibility":"","ast-main-header-display":"","ast-hfb-above-header-display":"","ast-hfb-below-header-display":"","ast-hfb-mobile-header-display":"","site-post-title":"","ast-breadcrumbs-content":"","ast-featured-img":"","footer-sml-layout":"","ast-disable-related-posts":"","theme-transparent-header-meta":"","adv-header-id-meta":"","stick-header-meta":"","header-above-stick-meta":"","header-main-stick-meta":"","header-below-stick-meta":"","astra-migrate-meta-layouts":"default","ast-page-background-enabled":"default","ast-page-background-meta":{"desktop":{"background-color":"var(--ast-global-color-5)","background-image":"","background-repeat":"repeat","background-position":"center center","background-size":"auto","background-attachment":"scroll","background-type":"","background-media":"","overlay-type":"","overlay-color":"","overlay-opacity":"","overlay-gradient":""},"tablet":{"background-color":"","background-image":"","background-repeat":"repeat","background-position":"center center","background-size":"auto","background-attachment":"scroll","background-type":"","background-media":"","overlay-type":"","overlay-color":"","overlay-opacity":"","overlay-gradient":""},"mobile":{"background-color":"","background-image":"","background-repeat":"repeat","background-position":"center center","background-size":"auto","background-attachment":"scroll","background-type":"","background-media":"","overlay-type":"","overlay-color":"","overlay-opacity":"","overlay-gradient":""}},"ast-content-background-meta":{"desktop":{"background-color":"var(--ast-global-color-4)","background-image":"","background-repeat":"repeat","background-position":"center center","background-size":"auto","background-attachment":"scroll","background-type":"","background-media":"","overlay-type":"","overlay-color":"","overlay-opacity":"","overlay-gradient":""},"tablet":{"background-color":"var(--ast-global-color-4)","background-image":"","background-repeat":"repeat","background-position":"center center","background-size":"auto","background-attachment":"scroll","background-type":"","background-media":"","overlay-type":"","overlay-color":"","overlay-opacity":"","overlay-gradient":""},"mobile":{"background-color":"var(--ast-global-color-4)","background-image":"","background-repeat":"repeat","background-position":"center center","background-size":"auto","background-attachment":"scroll","background-type":"","background-media":"","overlay-type":"","overlay-color":"","overlay-opacity":"","overlay-gradient":""}}},"product_brand":[],"product_cat":[642],"product_tag":[157,144,596,57,595],"class_list":{"0":"post-92013","1":"product","2":"type-product","3":"status-publish","4":"has-post-thumbnail","6":"product_cat-olejki-eteryczne","7":"product_tag-aromaterapia","8":"product_tag-doterra","9":"product_tag-mandarynka","10":"product_tag-olejek-eteryczny","11":"product_tag-tangerine","12":"desktop-align-left","13":"tablet-align-left","14":"mobile-align-left","16":"first","17":"instock","18":"taxable","19":"shipping-taxable","20":"purchasable","21":"product-type-simple"},"acf":[],"yoast_head":"<!-- This site is optimized with the Yoast SEO plugin v27.2 - https:\/\/yoast.com\/product\/yoast-seo-wordpress\/ -->\n<title>OLEJEK eteryczny doTERRA \u2022 Mandarynka \u2022 Tangerine \u2022 15 ml | Joga Pi\u0119kna | Ajurweda<\/title>\n<meta name=\"description\" content=\"Mandarynka ma d\u0142ug\u0105 histori\u0119 stosowania w kulturze chi\u0144skiej.\u00a0Dzi\u0119ki zawarto\u015bci limonenu s\u0142odki, cierpki aromat mandarynki jednocze\u015bnie podnosi na duchu i uspokaja.\u00a0Popularny i aromatyczny dodatek do deser\u00f3w i napoj\u00f3w \u2013 od ciast po owocowe koktajle \u2013 Mandarynka to pikantny dodatek do ka\u017cdego przepisu, kt\u00f3ry wymaga cytrus\u00f3w.\u00a0Spr\u00f3buj doda\u0107 olejek eteryczny z mandarynki do herbaty lub lemoniady, aby uzyska\u0107 podnosz\u0105cy na duchu akcent!\" \/>\n<meta name=\"robots\" content=\"index, follow, max-snippet:-1, max-image-preview:large, max-video-preview:-1\" \/>\n<link rel=\"canonical\" href=\"https:\/\/jogapiekna.com\/en\/product\/olejek-eteryczny-doterra-tangerine-15-ml\/\" \/>\n<meta property=\"og:locale\" content=\"en_GB\" \/>\n<meta property=\"og:type\" content=\"article\" \/>\n<meta property=\"og:title\" content=\"OLEJEK eteryczny doTERRA \u2022 Mandarynka \u2022 Tangerine \u2022 15 ml | Joga Pi\u0119kna | Ajurweda\" \/>\n<meta property=\"og:description\" content=\"Mandarynka ma d\u0142ug\u0105 histori\u0119 stosowania w kulturze chi\u0144skiej.\u00a0Dzi\u0119ki zawarto\u015bci limonenu s\u0142odki, cierpki aromat mandarynki jednocze\u015bnie podnosi na duchu i uspokaja.\u00a0Popularny i aromatyczny dodatek do deser\u00f3w i napoj\u00f3w \u2013 od ciast po owocowe koktajle \u2013 Mandarynka to pikantny dodatek do ka\u017cdego przepisu, kt\u00f3ry wymaga cytrus\u00f3w.\u00a0Spr\u00f3buj doda\u0107 olejek eteryczny z mandarynki do herbaty lub lemoniady, aby uzyska\u0107 podnosz\u0105cy na duchu akcent!\" \/>\n<meta property=\"og:url\" content=\"https:\/\/jogapiekna.com\/en\/product\/olejek-eteryczny-doterra-tangerine-15-ml\/\" \/>\n<meta property=\"og:site_name\" content=\"JOGA PI\u0118KNA | Joga Twarzy\" \/>\n<meta property=\"article:publisher\" content=\"https:\/\/www.facebook.com\/JogaPieknaCom\/\" \/>\n<meta property=\"article:modified_time\" content=\"2026-02-02T09:09:32+00:00\" \/>\n<meta property=\"og:image\" content=\"https:\/\/jogapiekna.com\/wp-content\/uploads\/2020\/04\/jogapiekna_olejek-doterra-tangerine-doterra.jpg\" \/>\n\t<meta property=\"og:image:width\" content=\"1000\" \/>\n\t<meta property=\"og:image:height\" content=\"1000\" \/>\n\t<meta property=\"og:image:type\" content=\"image\/jpeg\" \/>\n<meta name=\"twitter:card\" content=\"summary_large_image\" \/>\n<meta name=\"twitter:label1\" content=\"Estimated reading time\" \/>\n\t<meta name=\"twitter:data1\" content=\"3 minutes\" \/>\n<script type=\"application\/ld+json\" class=\"yoast-schema-graph\">{\"@context\":\"https:\/\/schema.org\",\"@graph\":[{\"@type\":\"WebPage\",\"@id\":\"https:\/\/jogapiekna.com\/produkt\/olejek-eteryczny-doterra-tangerine-15-ml\/\",\"url\":\"https:\/\/jogapiekna.com\/produkt\/olejek-eteryczny-doterra-tangerine-15-ml\/\",\"name\":\"OLEJEK eteryczny doTERRA \u2022 Mandarynka \u2022 Tangerine \u2022 15 ml | Joga Pi\u0119kna | Ajurweda\",\"isPartOf\":{\"@id\":\"https:\/\/jogapiekna.com\/#website\"},\"primaryImageOfPage\":{\"@id\":\"https:\/\/jogapiekna.com\/produkt\/olejek-eteryczny-doterra-tangerine-15-ml\/#primaryimage\"},\"image\":{\"@id\":\"https:\/\/jogapiekna.com\/produkt\/olejek-eteryczny-doterra-tangerine-15-ml\/#primaryimage\"},\"thumbnailUrl\":\"https:\/\/jogapiekna.com\/wp-content\/uploads\/2020\/04\/jogapiekna_olejek-doterra-tangerine-doterra.jpg\",\"datePublished\":\"2022-08-02T12:47:22+00:00\",\"dateModified\":\"2026-02-02T09:09:32+00:00\",\"description\":\"Mandarynka ma d\u0142ug\u0105 histori\u0119 stosowania w kulturze chi\u0144skiej.\u00a0Dzi\u0119ki zawarto\u015bci limonenu s\u0142odki, cierpki aromat mandarynki jednocze\u015bnie podnosi na duchu i uspokaja.\u00a0Popularny i aromatyczny dodatek do deser\u00f3w i napoj\u00f3w \u2013 od ciast po owocowe koktajle \u2013 Mandarynka to pikantny dodatek do ka\u017cdego przepisu, kt\u00f3ry wymaga cytrus\u00f3w.\u00a0Spr\u00f3buj doda\u0107 olejek eteryczny z mandarynki do herbaty lub lemoniady, aby uzyska\u0107 podnosz\u0105cy na duchu akcent!\",\"breadcrumb\":{\"@id\":\"https:\/\/jogapiekna.com\/produkt\/olejek-eteryczny-doterra-tangerine-15-ml\/#breadcrumb\"},\"inLanguage\":\"en-GB\",\"potentialAction\":[{\"@type\":\"ReadAction\",\"target\":[\"https:\/\/jogapiekna.com\/produkt\/olejek-eteryczny-doterra-tangerine-15-ml\/\"]}]},{\"@type\":\"ImageObject\",\"inLanguage\":\"en-GB\",\"@id\":\"https:\/\/jogapiekna.com\/produkt\/olejek-eteryczny-doterra-tangerine-15-ml\/#primaryimage\",\"url\":\"https:\/\/jogapiekna.com\/wp-content\/uploads\/2020\/04\/jogapiekna_olejek-doterra-tangerine-doterra.jpg\",\"contentUrl\":\"https:\/\/jogapiekna.com\/wp-content\/uploads\/2020\/04\/jogapiekna_olejek-doterra-tangerine-doterra.jpg\",\"width\":1000,\"height\":1000,\"caption\":\"OLEJEK eteryczny doTERRA \u2022 Mandarynka \u2022 Tangerine \u2022 15 ml\"},{\"@type\":\"BreadcrumbList\",\"@id\":\"https:\/\/jogapiekna.com\/produkt\/olejek-eteryczny-doterra-tangerine-15-ml\/#breadcrumb\",\"itemListElement\":[{\"@type\":\"ListItem\",\"position\":1,\"name\":\"Strona g\u0142\u00f3wna\",\"item\":\"https:\/\/jogapiekna.com\/\"},{\"@type\":\"ListItem\",\"position\":2,\"name\":\"Sklep\",\"item\":\"https:\/\/jogapiekna.com\/sklep\/\"},{\"@type\":\"ListItem\",\"position\":3,\"name\":\"OLEJEK eteryczny doTERRA \u2022 Mandarynka \u2022 Tangerine \u2022 15 ml\"}]},{\"@type\":\"WebSite\",\"@id\":\"https:\/\/jogapiekna.com\/#website\",\"url\":\"https:\/\/jogapiekna.com\/\",\"name\":\"Joga Pi\u0119kna Marta Kuci\u0144ska\",\"description\":\"Joga Pi\u0119kna pomaga kobietom zachowa\u0107 urod\u0119, cofn\u0105\u0107 oznaki up\u0142ywaj\u0105cego czasu i zm\u0119czenia, odzyska\u0107 promienny wygl\u0105d, naturalny u\u015bmiech i popraw\u0119 w\u0142asnej samooceny.\",\"publisher\":{\"@id\":\"https:\/\/jogapiekna.com\/#organization\"},\"potentialAction\":[{\"@type\":\"SearchAction\",\"target\":{\"@type\":\"EntryPoint\",\"urlTemplate\":\"https:\/\/jogapiekna.com\/?s={search_term_string}\"},\"query-input\":{\"@type\":\"PropertyValueSpecification\",\"valueRequired\":true,\"valueName\":\"search_term_string\"}}],\"inLanguage\":\"en-GB\"},{\"@type\":\"Organization\",\"@id\":\"https:\/\/jogapiekna.com\/#organization\",\"name\":\"Joga Pi\u0119kna Marta Kuci\u0144ska\",\"url\":\"https:\/\/jogapiekna.com\/\",\"logo\":{\"@type\":\"ImageObject\",\"inLanguage\":\"en-GB\",\"@id\":\"https:\/\/jogapiekna.com\/#\/schema\/logo\/image\/\",\"url\":\"https:\/\/jogapiekna.com\/wp-content\/uploads\/2022\/09\/joga-piekna-logo_Rka.png\",\"contentUrl\":\"https:\/\/jogapiekna.com\/wp-content\/uploads\/2022\/09\/joga-piekna-logo_Rka.png\",\"width\":231,\"height\":124,\"caption\":\"Joga Pi\u0119kna Marta Kuci\u0144ska\"},\"image\":{\"@id\":\"https:\/\/jogapiekna.com\/#\/schema\/logo\/image\/\"},\"sameAs\":[\"https:\/\/www.facebook.com\/JogaPieknaCom\/\",\"https:\/\/www.instagram.com\/jogapieknacom\/\"]}]}<\/script>\n<!-- \/ Yoast SEO plugin. -->","yoast_head_json":{"title":"OLEJEK eteryczny doTERRA \u2022 Mandarynka \u2022 Tangerine \u2022 15 ml | Joga Pi\u0119kna | Ajurweda","description":"Mandarin has a long history of use in Chinese culture. Thanks to its limonene content, the sweet tart aroma of tangerine is both uplifting and soothing. A popular and flavorful addition to desserts and beverages-from cakes to fruit smoothies-Tangerine is a savory addition to any recipe that calls for citrus. Try adding tangerine essential oil to your tea or lemonade for an invigorating touch!","robots":{"index":"index","follow":"follow","max-snippet":"max-snippet:-1","max-image-preview":"max-image-preview:large","max-video-preview":"max-video-preview:-1"},"canonical":"https:\/\/jogapiekna.com\/en\/product\/olejek-eteryczny-doterra-tangerine-15-ml\/","og_locale":"en_GB","og_type":"article","og_title":"OLEJEK eteryczny doTERRA \u2022 Mandarynka \u2022 Tangerine \u2022 15 ml | Joga Pi\u0119kna | Ajurweda","og_description":"Mandarynka ma d\u0142ug\u0105 histori\u0119 stosowania w kulturze chi\u0144skiej.\u00a0Dzi\u0119ki zawarto\u015bci limonenu s\u0142odki, cierpki aromat mandarynki jednocze\u015bnie podnosi na duchu i uspokaja.\u00a0Popularny i aromatyczny dodatek do deser\u00f3w i napoj\u00f3w \u2013 od ciast po owocowe koktajle \u2013 Mandarynka to pikantny dodatek do ka\u017cdego przepisu, kt\u00f3ry wymaga cytrus\u00f3w.\u00a0Spr\u00f3buj doda\u0107 olejek eteryczny z mandarynki do herbaty lub lemoniady, aby uzyska\u0107 podnosz\u0105cy na duchu akcent!","og_url":"https:\/\/jogapiekna.com\/en\/product\/olejek-eteryczny-doterra-tangerine-15-ml\/","og_site_name":"JOGA PI\u0118KNA | Joga Twarzy","article_publisher":"https:\/\/www.facebook.com\/JogaPieknaCom\/","article_modified_time":"2026-02-02T09:09:32+00:00","og_image":[{"width":1000,"height":1000,"url":"https:\/\/jogapiekna.com\/wp-content\/uploads\/2020\/04\/jogapiekna_olejek-doterra-tangerine-doterra.jpg","type":"image\/jpeg"}],"twitter_card":"summary_large_image","twitter_misc":{"Estimated reading time":"3 minutes"},"schema":{"@context":"https:\/\/schema.org","@graph":[{"@type":"WebPage","@id":"https:\/\/jogapiekna.com\/produkt\/olejek-eteryczny-doterra-tangerine-15-ml\/","url":"https:\/\/jogapiekna.com\/produkt\/olejek-eteryczny-doterra-tangerine-15-ml\/","name":"OLEJEK eteryczny doTERRA \u2022 Mandarynka \u2022 Tangerine \u2022 15 ml | Joga Pi\u0119kna | Ajurweda","isPartOf":{"@id":"https:\/\/jogapiekna.com\/#website"},"primaryImageOfPage":{"@id":"https:\/\/jogapiekna.com\/produkt\/olejek-eteryczny-doterra-tangerine-15-ml\/#primaryimage"},"image":{"@id":"https:\/\/jogapiekna.com\/produkt\/olejek-eteryczny-doterra-tangerine-15-ml\/#primaryimage"},"thumbnailUrl":"https:\/\/jogapiekna.com\/wp-content\/uploads\/2020\/04\/jogapiekna_olejek-doterra-tangerine-doterra.jpg","datePublished":"2022-08-02T12:47:22+00:00","dateModified":"2026-02-02T09:09:32+00:00","description":"Mandarin has a long history of use in Chinese culture. Thanks to its limonene content, the sweet tart aroma of tangerine is both uplifting and soothing. A popular and flavorful addition to desserts and beverages-from cakes to fruit smoothies-Tangerine is a savory addition to any recipe that calls for citrus. Try adding tangerine essential oil to your tea or lemonade for an invigorating touch!","breadcrumb":{"@id":"https:\/\/jogapiekna.com\/produkt\/olejek-eteryczny-doterra-tangerine-15-ml\/#breadcrumb"},"inLanguage":"en-GB","potentialAction":[{"@type":"ReadAction","target":["https:\/\/jogapiekna.com\/produkt\/olejek-eteryczny-doterra-tangerine-15-ml\/"]}]},{"@type":"ImageObject","inLanguage":"en-GB","@id":"https:\/\/jogapiekna.com\/produkt\/olejek-eteryczny-doterra-tangerine-15-ml\/#primaryimage","url":"https:\/\/jogapiekna.com\/wp-content\/uploads\/2020\/04\/jogapiekna_olejek-doterra-tangerine-doterra.jpg","contentUrl":"https:\/\/jogapiekna.com\/wp-content\/uploads\/2020\/04\/jogapiekna_olejek-doterra-tangerine-doterra.jpg","width":1000,"height":1000,"caption":"OLEJEK eteryczny doTERRA \u2022 Mandarynka \u2022 Tangerine \u2022 15 ml"},{"@type":"BreadcrumbList","@id":"https:\/\/jogapiekna.com\/produkt\/olejek-eteryczny-doterra-tangerine-15-ml\/#breadcrumb","itemListElement":[{"@type":"ListItem","position":1,"name":"Strona g\u0142\u00f3wna","item":"https:\/\/jogapiekna.com\/"},{"@type":"ListItem","position":2,"name":"Sklep","item":"https:\/\/jogapiekna.com\/sklep\/"},{"@type":"ListItem","position":3,"name":"OLEJEK eteryczny doTERRA \u2022 Mandarynka \u2022 Tangerine \u2022 15 ml"}]},{"@type":"WebSite","@id":"https:\/\/jogapiekna.com\/#website","url":"https:\/\/jogapiekna.com\/","name":"Yoga Beauty Marta Kuci\u0144ska","description":"Beauty Yoga helps women to maintain their beauty, reverse the signs of passing time and fatigue, regain a radiant appearance, natural smile and improve their self-esteem.","publisher":{"@id":"https:\/\/jogapiekna.com\/#organization"},"potentialAction":[{"@type":"SearchAction","target":{"@type":"EntryPoint","urlTemplate":"https:\/\/jogapiekna.com\/?s={search_term_string}"},"query-input":{"@type":"PropertyValueSpecification","valueRequired":true,"valueName":"search_term_string"}}],"inLanguage":"en-GB"},{"@type":"Organization","@id":"https:\/\/jogapiekna.com\/#organization","name":"Yoga Beauty Marta Kuci\u0144ska","url":"https:\/\/jogapiekna.com\/","logo":{"@type":"ImageObject","inLanguage":"en-GB","@id":"https:\/\/jogapiekna.com\/#\/schema\/logo\/image\/","url":"https:\/\/jogapiekna.com\/wp-content\/uploads\/2022\/09\/joga-piekna-logo_Rka.png","contentUrl":"https:\/\/jogapiekna.com\/wp-content\/uploads\/2022\/09\/joga-piekna-logo_Rka.png","width":231,"height":124,"caption":"Joga Pi\u0119kna Marta Kuci\u0144ska"},"image":{"@id":"https:\/\/jogapiekna.com\/#\/schema\/logo\/image\/"},"sameAs":["https:\/\/www.facebook.com\/JogaPieknaCom\/","https:\/\/www.instagram.com\/jogapieknacom\/"]}]}},"_links":{"self":[{"href":"https:\/\/jogapiekna.com\/en\/wp-json\/wp\/v2\/product\/92013","targetHints":{"allow":["GET"]}}],"collection":[{"href":"https:\/\/jogapiekna.com\/en\/wp-json\/wp\/v2\/product"}],"about":[{"href":"https:\/\/jogapiekna.com\/en\/wp-json\/wp\/v2\/types\/product"}],"replies":[{"embeddable":true,"href":"https:\/\/jogapiekna.com\/en\/wp-json\/wp\/v2\/comments?post=92013"}],"version-history":[{"count":1,"href":"https:\/\/jogapiekna.com\/en\/wp-json\/wp\/v2\/product\/92013\/revisions"}],"predecessor-version":[{"id":211226,"href":"https:\/\/jogapiekna.com\/en\/wp-json\/wp\/v2\/product\/92013\/revisions\/211226"}],"wp:featuredmedia":[{"embeddable":true,"href":"https:\/\/jogapiekna.com\/en\/wp-json\/wp\/v2\/media\/94673"}],"wp:attachment":[{"href":"https:\/\/jogapiekna.com\/en\/wp-json\/wp\/v2\/media?parent=92013"}],"wp:term":[{"taxonomy":"product_brand","embeddable":true,"href":"https:\/\/jogapiekna.com\/en\/wp-json\/wp\/v2\/product_brand?post=92013"},{"taxonomy":"product_cat","embeddable":true,"href":"https:\/\/jogapiekna.com\/en\/wp-json\/wp\/v2\/product_cat?post=92013"},{"taxonomy":"product_tag","embeddable":true,"href":"https:\/\/jogapiekna.com\/en\/wp-json\/wp\/v2\/product_tag?post=92013"}],"curies":[{"name":"wp","href":"https:\/\/api.w.org\/{rel}","templated":true}]}}