{"id":92016,"date":"2022-08-02T15:01:39","date_gmt":"2022-08-02T13:01:39","guid":{"rendered":"https:\/\/jogapiekna.com\/?post_type=product&#038;p=92016"},"modified":"2026-04-09T17:12:11","modified_gmt":"2026-04-09T15:12:11","slug":"kuleczki-doterra-on-guard","status":"publish","type":"product","link":"https:\/\/jogapiekna.com\/en\/product\/kuleczki-doterra-on-guard\/","title":{"rendered":"doTERRA Balls * On Guard * Strengthen Immunity * 125 balls"},"content":{"rendered":"<p>Kuleczki doTERRA On Guard\u00ae\u00a0to \u0142atwy i wygodny spos\u00f3b na uzyskanie wspieraj\u0105cych odporno\u015b\u0107 korzy\u015bci p\u0142yn\u0105cych z mieszanki doTERRA On Guard\u00ae\u00a0Protective Blend.<\/p>\n<p>Kulki zapewniaj\u0105 aromatyczn\u0105 dawk\u0119 zastrze\u017conej mieszanki doTERRA On Guard z dzikiej pomara\u0144czy, go\u017adzik\u00f3w, cynamonu, eukaliptusa i rozmarynu.\u00a0Ma\u0142e kuleczki warzywne s\u0105 \u0142atwe w u\u017cyciu i idealne dla dzieci i innych os\u00f3b.<\/p>\n<p>On Guard to opatentowana mieszanka firmy doTERRA wzmacniaj\u0105ca uk\u0142ad odporno\u015bciowy.<\/p>\n<p><strong> indication: <\/strong><\/p>\n<ul>\n<li>zwalczanie r\u00f3\u017cnego rodzaju infekcji (przezi\u0119bienia i grypy),<\/li>\n<li>wzmacnianie odporno\u015bci u dzieci i doros\u0142ych,<\/li>\n<li>silne dzia\u0142anie antybakteryjne i antywirusowe.<\/li>\n<\/ul>\n<p><strong> Composition: <\/strong><\/p>\n<ul>\n<li><strong>Go\u017adzik<\/strong>\u00a0\u2013 zawiera eugenol \u2013 silnie przeciwzapalny sk\u0142adnik. Eugenol to naturalne znieczulenie, antyseptyk, jest przeciwbakteryjny i przeciwdrobnoustrojowy.<\/li>\n<li><strong>Cynamon<\/strong>\u00a0\u2013 olejek ten wykaza\u0142 najwy\u017csz\u0105 skuteczno\u015b\u0107 w testach na zwalczanie form bakterii\/grzyb\u00f3w.<\/li>\n<li><strong>Eukaliptus<\/strong>\u00a0\u2013 ma bardzo dobre efekty w zwalczaniu chor\u00f3b uk\u0142adu oddechowego.<\/li>\n<li><strong>Rosemary<\/strong>\u00a0\u2013 sk\u0142adnik antybakteryjny.<\/li>\n<li><strong>Dzika pomara\u0144cza<\/strong>\u00a0\u2013 ma silne w\u0142a\u015bciwo\u015bci przeciwbakteryjne, przeciwgrzybicze, przeciwzapalne i antyseptyczne.<\/li>\n<\/ul>\n<p><strong> How to use: <\/strong><br \/>\nDzienna dawka do spo\u017cycia 1-5 kuleczek.<\/p>\n<p><strong>All doTERRA oils are clean and safe. They are certified CPTG (Certified Pure Therapeutic Grade\u00ae) - certified pure therapeutic grade.<\/strong> They can be safely used internally, lubricated the body, and inhaled.<\/p>\n<p><strong>CPTG-Certified Pure Therapeutic Grade (ACKT-Certified Pure therapeutic Grade)<\/strong> doTERRA oils, which makes it absolutely safe to use oils orally (those intended for internal use), as well as in small children.<\/p>\n<p>What does such a certificate mean?<\/p>\n<ul>\n<li>quality without pesticides and heavy metals,<\/li>\n<li>no artificial colors or fillers,<\/li>\n<li>kontrolowane uprawy na obszarach, gdzie naturalnie wyst\u0119puje dana ro\u015blina i zbieranie jej w optymalnym momencie<\/li>\n<li>brak domieszek olejk\u00f3w z innych ro\u015blinnych<\/li>\n<li>brak domieszek olejk\u00f3w syntetycznych<\/li>\n<\/ul>","protected":false},"excerpt":{"rendered":"<p>125 kulek<\/p>","protected":false},"featured_media":94645,"comment_status":"closed","ping_status":"closed","template":"","meta":{"_acf_changed":false,"site-sidebar-layout":"default","site-content-layout":"","ast-site-content-layout":"default","site-content-style":"default","site-sidebar-style":"default","ast-global-header-display":"","ast-banner-title-visibility":"","ast-main-header-display":"","ast-hfb-above-header-display":"","ast-hfb-below-header-display":"","ast-hfb-mobile-header-display":"","site-post-title":"","ast-breadcrumbs-content":"","ast-featured-img":"","footer-sml-layout":"","ast-disable-related-posts":"","theme-transparent-header-meta":"default","adv-header-id-meta":"","stick-header-meta":"","header-above-stick-meta":"","header-main-stick-meta":"","header-below-stick-meta":"","astra-migrate-meta-layouts":"set","ast-page-background-enabled":"default","ast-page-background-meta":{"desktop":{"background-color":"var(--ast-global-color-5)","background-image":"","background-repeat":"repeat","background-position":"center center","background-size":"auto","background-attachment":"scroll","background-type":"","background-media":"","overlay-type":"","overlay-color":"","overlay-opacity":"","overlay-gradient":""},"tablet":{"background-color":"","background-image":"","background-repeat":"repeat","background-position":"center center","background-size":"auto","background-attachment":"scroll","background-type":"","background-media":"","overlay-type":"","overlay-color":"","overlay-opacity":"","overlay-gradient":""},"mobile":{"background-color":"","background-image":"","background-repeat":"repeat","background-position":"center center","background-size":"auto","background-attachment":"scroll","background-type":"","background-media":"","overlay-type":"","overlay-color":"","overlay-opacity":"","overlay-gradient":""}},"ast-content-background-meta":{"desktop":{"background-color":"var(--ast-global-color-4)","background-image":"","background-repeat":"repeat","background-position":"center center","background-size":"auto","background-attachment":"scroll","background-type":"","background-media":"","overlay-type":"","overlay-color":"","overlay-opacity":"","overlay-gradient":""},"tablet":{"background-color":"var(--ast-global-color-4)","background-image":"","background-repeat":"repeat","background-position":"center center","background-size":"auto","background-attachment":"scroll","background-type":"","background-media":"","overlay-type":"","overlay-color":"","overlay-opacity":"","overlay-gradient":""},"mobile":{"background-color":"var(--ast-global-color-4)","background-image":"","background-repeat":"repeat","background-position":"center center","background-size":"auto","background-attachment":"scroll","background-type":"","background-media":"","overlay-type":"","overlay-color":"","overlay-opacity":"","overlay-gradient":""}}},"product_brand":[],"product_cat":[642],"product_tag":[157,599,144,58,600,284,597,224,598],"class_list":{"0":"post-92016","1":"product","2":"type-product","3":"status-publish","4":"has-post-thumbnail","6":"product_cat-olejki-eteryczne","7":"product_tag-aromaterapia","8":"product_tag-cynamon","9":"product_tag-doterra","10":"product_tag-dzika-pomarancza","11":"product_tag-eukaliptus","12":"product_tag-gozdzik","13":"product_tag-kuleczki","14":"product_tag-rozmaryn","15":"product_tag-wzmocnienie-odpornosci","16":"desktop-align-left","17":"tablet-align-left","18":"mobile-align-left","20":"first","21":"outofstock","22":"taxable","23":"shipping-taxable","24":"purchasable","25":"product-type-simple"},"acf":[],"yoast_head":"<!-- This site is optimized with the Yoast SEO plugin v27.2 - https:\/\/yoast.com\/product\/yoast-seo-wordpress\/ -->\n<title>Kuleczki doTERRA \u2022 On Guard \u2022 wzmocnienie odporno\u015bci \u2022 125 kulek | Joga Pi\u0119kna | Ajurweda<\/title>\n<meta name=\"description\" content=\"Kulki zapewniaj\u0105 aromatyczn\u0105 dawk\u0119 zastrze\u017conej mieszanki doTERRA On Guard z dzikiej pomara\u0144czy, go\u017adzik\u00f3w, cynamonu, eukaliptusa i rozmarynu.\u00a0Ma\u0142e kuleczki warzywne s\u0105 \u0142atwe w u\u017cyciu i idealne dla dzieci i innych os\u00f3b\" \/>\n<meta name=\"robots\" content=\"index, follow, max-snippet:-1, max-image-preview:large, max-video-preview:-1\" \/>\n<link rel=\"canonical\" href=\"https:\/\/jogapiekna.com\/en\/product\/kuleczki-doterra-on-guard\/\" \/>\n<meta property=\"og:locale\" content=\"en_GB\" \/>\n<meta property=\"og:type\" content=\"article\" \/>\n<meta property=\"og:title\" content=\"Kuleczki doTERRA \u2022 On Guard \u2022 wzmocnienie odporno\u015bci \u2022 125 kulek | Joga Pi\u0119kna | Ajurweda\" \/>\n<meta property=\"og:description\" content=\"Kulki zapewniaj\u0105 aromatyczn\u0105 dawk\u0119 zastrze\u017conej mieszanki doTERRA On Guard z dzikiej pomara\u0144czy, go\u017adzik\u00f3w, cynamonu, eukaliptusa i rozmarynu.\u00a0Ma\u0142e kuleczki warzywne s\u0105 \u0142atwe w u\u017cyciu i idealne dla dzieci i innych os\u00f3b\" \/>\n<meta property=\"og:url\" content=\"https:\/\/jogapiekna.com\/en\/product\/kuleczki-doterra-on-guard\/\" \/>\n<meta property=\"og:site_name\" content=\"JOGA PI\u0118KNA | Joga Twarzy\" \/>\n<meta property=\"article:publisher\" content=\"https:\/\/www.facebook.com\/JogaPieknaCom\/\" \/>\n<meta property=\"article:modified_time\" content=\"2026-04-09T15:12:11+00:00\" \/>\n<meta property=\"og:image\" content=\"https:\/\/jogapiekna.com\/wp-content\/uploads\/2021\/07\/kuleczki-doTERRA-onguard-wzmocnienie-odpornosci-doterra.jpg\" \/>\n\t<meta property=\"og:image:width\" content=\"1000\" \/>\n\t<meta property=\"og:image:height\" content=\"1000\" \/>\n\t<meta property=\"og:image:type\" content=\"image\/jpeg\" \/>\n<meta name=\"twitter:card\" content=\"summary_large_image\" \/>\n<meta name=\"twitter:label1\" content=\"Estimated reading time\" \/>\n\t<meta name=\"twitter:data1\" content=\"2 minutes\" \/>\n<script type=\"application\/ld+json\" class=\"yoast-schema-graph\">{\"@context\":\"https:\/\/schema.org\",\"@graph\":[{\"@type\":\"WebPage\",\"@id\":\"https:\/\/jogapiekna.com\/produkt\/kuleczki-doterra-on-guard\/\",\"url\":\"https:\/\/jogapiekna.com\/produkt\/kuleczki-doterra-on-guard\/\",\"name\":\"Kuleczki doTERRA \u2022 On Guard \u2022 wzmocnienie odporno\u015bci \u2022 125 kulek | Joga Pi\u0119kna | Ajurweda\",\"isPartOf\":{\"@id\":\"https:\/\/jogapiekna.com\/#website\"},\"primaryImageOfPage\":{\"@id\":\"https:\/\/jogapiekna.com\/produkt\/kuleczki-doterra-on-guard\/#primaryimage\"},\"image\":{\"@id\":\"https:\/\/jogapiekna.com\/produkt\/kuleczki-doterra-on-guard\/#primaryimage\"},\"thumbnailUrl\":\"https:\/\/jogapiekna.com\/wp-content\/uploads\/2021\/07\/kuleczki-doTERRA-onguard-wzmocnienie-odpornosci-doterra.jpg\",\"datePublished\":\"2022-08-02T13:01:39+00:00\",\"dateModified\":\"2026-04-09T15:12:11+00:00\",\"description\":\"Kulki zapewniaj\u0105 aromatyczn\u0105 dawk\u0119 zastrze\u017conej mieszanki doTERRA On Guard z dzikiej pomara\u0144czy, go\u017adzik\u00f3w, cynamonu, eukaliptusa i rozmarynu.\u00a0Ma\u0142e kuleczki warzywne s\u0105 \u0142atwe w u\u017cyciu i idealne dla dzieci i innych os\u00f3b\",\"breadcrumb\":{\"@id\":\"https:\/\/jogapiekna.com\/produkt\/kuleczki-doterra-on-guard\/#breadcrumb\"},\"inLanguage\":\"en-GB\",\"potentialAction\":[{\"@type\":\"ReadAction\",\"target\":[\"https:\/\/jogapiekna.com\/produkt\/kuleczki-doterra-on-guard\/\"]}]},{\"@type\":\"ImageObject\",\"inLanguage\":\"en-GB\",\"@id\":\"https:\/\/jogapiekna.com\/produkt\/kuleczki-doterra-on-guard\/#primaryimage\",\"url\":\"https:\/\/jogapiekna.com\/wp-content\/uploads\/2021\/07\/kuleczki-doTERRA-onguard-wzmocnienie-odpornosci-doterra.jpg\",\"contentUrl\":\"https:\/\/jogapiekna.com\/wp-content\/uploads\/2021\/07\/kuleczki-doTERRA-onguard-wzmocnienie-odpornosci-doterra.jpg\",\"width\":1000,\"height\":1000,\"caption\":\"Kuleczki doTERRA \u2022 On GuardRD \u2022 wzmocnienie odporno\u015bci\"},{\"@type\":\"BreadcrumbList\",\"@id\":\"https:\/\/jogapiekna.com\/produkt\/kuleczki-doterra-on-guard\/#breadcrumb\",\"itemListElement\":[{\"@type\":\"ListItem\",\"position\":1,\"name\":\"Strona g\u0142\u00f3wna\",\"item\":\"https:\/\/jogapiekna.com\/\"},{\"@type\":\"ListItem\",\"position\":2,\"name\":\"Sklep\",\"item\":\"https:\/\/jogapiekna.com\/sklep\/\"},{\"@type\":\"ListItem\",\"position\":3,\"name\":\"Kuleczki doTERRA \u2022 On Guard \u2022 wzmocnienie odporno\u015bci \u2022 125 kulek\"}]},{\"@type\":\"WebSite\",\"@id\":\"https:\/\/jogapiekna.com\/#website\",\"url\":\"https:\/\/jogapiekna.com\/\",\"name\":\"Joga Pi\u0119kna Marta Kuci\u0144ska\",\"description\":\"Joga Pi\u0119kna pomaga kobietom zachowa\u0107 urod\u0119, cofn\u0105\u0107 oznaki up\u0142ywaj\u0105cego czasu i zm\u0119czenia, odzyska\u0107 promienny wygl\u0105d, naturalny u\u015bmiech i popraw\u0119 w\u0142asnej samooceny.\",\"publisher\":{\"@id\":\"https:\/\/jogapiekna.com\/#organization\"},\"potentialAction\":[{\"@type\":\"SearchAction\",\"target\":{\"@type\":\"EntryPoint\",\"urlTemplate\":\"https:\/\/jogapiekna.com\/?s={search_term_string}\"},\"query-input\":{\"@type\":\"PropertyValueSpecification\",\"valueRequired\":true,\"valueName\":\"search_term_string\"}}],\"inLanguage\":\"en-GB\"},{\"@type\":\"Organization\",\"@id\":\"https:\/\/jogapiekna.com\/#organization\",\"name\":\"Joga Pi\u0119kna Marta Kuci\u0144ska\",\"url\":\"https:\/\/jogapiekna.com\/\",\"logo\":{\"@type\":\"ImageObject\",\"inLanguage\":\"en-GB\",\"@id\":\"https:\/\/jogapiekna.com\/#\/schema\/logo\/image\/\",\"url\":\"https:\/\/jogapiekna.com\/wp-content\/uploads\/2022\/09\/joga-piekna-logo_Rka.png\",\"contentUrl\":\"https:\/\/jogapiekna.com\/wp-content\/uploads\/2022\/09\/joga-piekna-logo_Rka.png\",\"width\":231,\"height\":124,\"caption\":\"Joga Pi\u0119kna Marta Kuci\u0144ska\"},\"image\":{\"@id\":\"https:\/\/jogapiekna.com\/#\/schema\/logo\/image\/\"},\"sameAs\":[\"https:\/\/www.facebook.com\/JogaPieknaCom\/\",\"https:\/\/www.instagram.com\/jogapieknacom\/\"]}]}<\/script>\n<!-- \/ Yoast SEO plugin. -->","yoast_head_json":{"title":"Kuleczki doTERRA \u2022 On Guard \u2022 wzmocnienie odporno\u015bci \u2022 125 kulek | Joga Pi\u0119kna | Ajurweda","description":"Kulki zapewniaj\u0105 aromatyczn\u0105 dawk\u0119 zastrze\u017conej mieszanki doTERRA On Guard z dzikiej pomara\u0144czy, go\u017adzik\u00f3w, cynamonu, eukaliptusa i rozmarynu.\u00a0Ma\u0142e kuleczki warzywne s\u0105 \u0142atwe w u\u017cyciu i idealne dla dzieci i innych os\u00f3b","robots":{"index":"index","follow":"follow","max-snippet":"max-snippet:-1","max-image-preview":"max-image-preview:large","max-video-preview":"max-video-preview:-1"},"canonical":"https:\/\/jogapiekna.com\/en\/product\/kuleczki-doterra-on-guard\/","og_locale":"en_GB","og_type":"article","og_title":"Kuleczki doTERRA \u2022 On Guard \u2022 wzmocnienie odporno\u015bci \u2022 125 kulek | Joga Pi\u0119kna | Ajurweda","og_description":"Kulki zapewniaj\u0105 aromatyczn\u0105 dawk\u0119 zastrze\u017conej mieszanki doTERRA On Guard z dzikiej pomara\u0144czy, go\u017adzik\u00f3w, cynamonu, eukaliptusa i rozmarynu.\u00a0Ma\u0142e kuleczki warzywne s\u0105 \u0142atwe w u\u017cyciu i idealne dla dzieci i innych os\u00f3b","og_url":"https:\/\/jogapiekna.com\/en\/product\/kuleczki-doterra-on-guard\/","og_site_name":"JOGA PI\u0118KNA | Joga Twarzy","article_publisher":"https:\/\/www.facebook.com\/JogaPieknaCom\/","article_modified_time":"2026-04-09T15:12:11+00:00","og_image":[{"width":1000,"height":1000,"url":"https:\/\/jogapiekna.com\/wp-content\/uploads\/2021\/07\/kuleczki-doTERRA-onguard-wzmocnienie-odpornosci-doterra.jpg","type":"image\/jpeg"}],"twitter_card":"summary_large_image","twitter_misc":{"Estimated reading time":"2 minutes"},"schema":{"@context":"https:\/\/schema.org","@graph":[{"@type":"WebPage","@id":"https:\/\/jogapiekna.com\/produkt\/kuleczki-doterra-on-guard\/","url":"https:\/\/jogapiekna.com\/produkt\/kuleczki-doterra-on-guard\/","name":"Kuleczki doTERRA \u2022 On Guard \u2022 wzmocnienie odporno\u015bci \u2022 125 kulek | Joga Pi\u0119kna | Ajurweda","isPartOf":{"@id":"https:\/\/jogapiekna.com\/#website"},"primaryImageOfPage":{"@id":"https:\/\/jogapiekna.com\/produkt\/kuleczki-doterra-on-guard\/#primaryimage"},"image":{"@id":"https:\/\/jogapiekna.com\/produkt\/kuleczki-doterra-on-guard\/#primaryimage"},"thumbnailUrl":"https:\/\/jogapiekna.com\/wp-content\/uploads\/2021\/07\/kuleczki-doTERRA-onguard-wzmocnienie-odpornosci-doterra.jpg","datePublished":"2022-08-02T13:01:39+00:00","dateModified":"2026-04-09T15:12:11+00:00","description":"Kulki zapewniaj\u0105 aromatyczn\u0105 dawk\u0119 zastrze\u017conej mieszanki doTERRA On Guard z dzikiej pomara\u0144czy, go\u017adzik\u00f3w, cynamonu, eukaliptusa i rozmarynu.\u00a0Ma\u0142e kuleczki warzywne s\u0105 \u0142atwe w u\u017cyciu i idealne dla dzieci i innych os\u00f3b","breadcrumb":{"@id":"https:\/\/jogapiekna.com\/produkt\/kuleczki-doterra-on-guard\/#breadcrumb"},"inLanguage":"en-GB","potentialAction":[{"@type":"ReadAction","target":["https:\/\/jogapiekna.com\/produkt\/kuleczki-doterra-on-guard\/"]}]},{"@type":"ImageObject","inLanguage":"en-GB","@id":"https:\/\/jogapiekna.com\/produkt\/kuleczki-doterra-on-guard\/#primaryimage","url":"https:\/\/jogapiekna.com\/wp-content\/uploads\/2021\/07\/kuleczki-doTERRA-onguard-wzmocnienie-odpornosci-doterra.jpg","contentUrl":"https:\/\/jogapiekna.com\/wp-content\/uploads\/2021\/07\/kuleczki-doTERRA-onguard-wzmocnienie-odpornosci-doterra.jpg","width":1000,"height":1000,"caption":"Kuleczki doTERRA \u2022 On GuardRD \u2022 wzmocnienie odporno\u015bci"},{"@type":"BreadcrumbList","@id":"https:\/\/jogapiekna.com\/produkt\/kuleczki-doterra-on-guard\/#breadcrumb","itemListElement":[{"@type":"ListItem","position":1,"name":"Strona g\u0142\u00f3wna","item":"https:\/\/jogapiekna.com\/"},{"@type":"ListItem","position":2,"name":"Sklep","item":"https:\/\/jogapiekna.com\/sklep\/"},{"@type":"ListItem","position":3,"name":"Kuleczki doTERRA \u2022 On Guard \u2022 wzmocnienie odporno\u015bci \u2022 125 kulek"}]},{"@type":"WebSite","@id":"https:\/\/jogapiekna.com\/#website","url":"https:\/\/jogapiekna.com\/","name":"Yoga Beauty Marta Kuci\u0144ska","description":"Beauty Yoga helps women to maintain their beauty, reverse the signs of passing time and fatigue, regain a radiant appearance, natural smile and improve their self-esteem.","publisher":{"@id":"https:\/\/jogapiekna.com\/#organization"},"potentialAction":[{"@type":"SearchAction","target":{"@type":"EntryPoint","urlTemplate":"https:\/\/jogapiekna.com\/?s={search_term_string}"},"query-input":{"@type":"PropertyValueSpecification","valueRequired":true,"valueName":"search_term_string"}}],"inLanguage":"en-GB"},{"@type":"Organization","@id":"https:\/\/jogapiekna.com\/#organization","name":"Yoga Beauty Marta Kuci\u0144ska","url":"https:\/\/jogapiekna.com\/","logo":{"@type":"ImageObject","inLanguage":"en-GB","@id":"https:\/\/jogapiekna.com\/#\/schema\/logo\/image\/","url":"https:\/\/jogapiekna.com\/wp-content\/uploads\/2022\/09\/joga-piekna-logo_Rka.png","contentUrl":"https:\/\/jogapiekna.com\/wp-content\/uploads\/2022\/09\/joga-piekna-logo_Rka.png","width":231,"height":124,"caption":"Joga Pi\u0119kna Marta Kuci\u0144ska"},"image":{"@id":"https:\/\/jogapiekna.com\/#\/schema\/logo\/image\/"},"sameAs":["https:\/\/www.facebook.com\/JogaPieknaCom\/","https:\/\/www.instagram.com\/jogapieknacom\/"]}]}},"_links":{"self":[{"href":"https:\/\/jogapiekna.com\/en\/wp-json\/wp\/v2\/product\/92016","targetHints":{"allow":["GET"]}}],"collection":[{"href":"https:\/\/jogapiekna.com\/en\/wp-json\/wp\/v2\/product"}],"about":[{"href":"https:\/\/jogapiekna.com\/en\/wp-json\/wp\/v2\/types\/product"}],"replies":[{"embeddable":true,"href":"https:\/\/jogapiekna.com\/en\/wp-json\/wp\/v2\/comments?post=92016"}],"version-history":[{"count":3,"href":"https:\/\/jogapiekna.com\/en\/wp-json\/wp\/v2\/product\/92016\/revisions"}],"predecessor-version":[{"id":215997,"href":"https:\/\/jogapiekna.com\/en\/wp-json\/wp\/v2\/product\/92016\/revisions\/215997"}],"wp:featuredmedia":[{"embeddable":true,"href":"https:\/\/jogapiekna.com\/en\/wp-json\/wp\/v2\/media\/94645"}],"wp:attachment":[{"href":"https:\/\/jogapiekna.com\/en\/wp-json\/wp\/v2\/media?parent=92016"}],"wp:term":[{"taxonomy":"product_brand","embeddable":true,"href":"https:\/\/jogapiekna.com\/en\/wp-json\/wp\/v2\/product_brand?post=92016"},{"taxonomy":"product_cat","embeddable":true,"href":"https:\/\/jogapiekna.com\/en\/wp-json\/wp\/v2\/product_cat?post=92016"},{"taxonomy":"product_tag","embeddable":true,"href":"https:\/\/jogapiekna.com\/en\/wp-json\/wp\/v2\/product_tag?post=92016"}],"curies":[{"name":"wp","href":"https:\/\/api.w.org\/{rel}","templated":true}]}}