{"id":93091,"date":"2022-08-18T11:43:06","date_gmt":"2022-08-18T09:43:06","guid":{"rendered":"https:\/\/jogapiekna.com\/?post_type=product&#038;p=93091"},"modified":"2026-04-02T12:00:27","modified_gmt":"2026-04-02T10:00:27","slug":"olejek-eteryczny-doterra-zendocrine-15-ml","status":"publish","type":"product","link":"https:\/\/jogapiekna.com\/en\/product\/olejek-eteryczny-doterra-zendocrine-15-ml\/","title":{"rendered":"doTERRA Essential Oil * Body Cleansing * Zendocrine * 15 ml"},"content":{"rendered":"<p>Zendocrine is an oil for those who want to start a lifestyle change. Apply Zendocrine daily by adding it to a glass of water!<br \/>\nThis oil supports our immune system and helps cleanse our body of toxins.<\/p>\n<p><strong> Main advantages <\/strong><\/p>\n<ul>\n<li>Cleansing properties of the body <\/li>\n<li>Relaxing properties <\/li>\n<\/ul>\n<p><strong> Application <\/strong><\/p>\n<ul>\n<li>Add 1 drop to citrus drinks, teas, or water<\/li>\n<li>Diffuser: Use 2-4 drops to diffuse<\/li>\n<\/ul>\n<p><strong> Aromatic description <\/strong><br \/>\nHerbaceous, tart, floral notes<\/p>\n<p><strong>Application Tips<\/strong><br \/>\nFor flavoring food.<\/p>\n<p><strong>Main Ingredients<\/strong><br \/>\ntangerine peel, rosemary leaf, geranium flower \/ leaf, juniper berry essential oils, coriander herbs<\/p>\n<p><strong>Warnings:<\/strong><br \/>\nPossible skin sensitivity. Keep out of reach for use only after dilution. Take no more than one drop per day. Keep out of reach of children. Protect from eyes and mucous membranes. In case of skin contact, avoid sunlight and UV rays for at least 12 hours.<\/p>\n<p><strong>All doTERRA oils are clean and safe. They are certified CPTG (Certified Pure Therapeutic Grade\u00ae) - certified pure therapeutic grade.<\/strong> They can be safely used internally, lubricated the body, and inhaled.<\/p>\n<p><strong>CPTG-Certified Pure Therapeutic Grade (ACKT-Certified Pure therapeutic Grade)<\/strong> doTERRA oils, which makes it absolutely safe to use oils orally (those intended for internal use), as well as in small children.<\/p>\n<p>What does such a certificate mean?<\/p>\n<ul>\n<li>quality without pesticides and heavy metals,<\/li>\n<li>no artificial colors or fillers,<\/li>\n<li>kontrolowane uprawy na obszarach, gdzie naturalnie wyst\u0119puje dana ro\u015blina i zbieranie jej w optymalnym momencie<\/li>\n<li>brak domieszek olejk\u00f3w z innych ro\u015blinnych<\/li>\n<li>brak domieszek olejk\u00f3w syntetycznych<\/li>\n<\/ul>","protected":false},"excerpt":{"rendered":"<p>15 ml \/ 300 drops<\/p>","protected":false},"featured_media":94670,"comment_status":"closed","ping_status":"closed","template":"","meta":{"_acf_changed":false,"site-sidebar-layout":"default","site-content-layout":"","ast-site-content-layout":"default","site-content-style":"default","site-sidebar-style":"default","ast-global-header-display":"","ast-banner-title-visibility":"","ast-main-header-display":"","ast-hfb-above-header-display":"","ast-hfb-below-header-display":"","ast-hfb-mobile-header-display":"","site-post-title":"","ast-breadcrumbs-content":"","ast-featured-img":"","footer-sml-layout":"","ast-disable-related-posts":"","theme-transparent-header-meta":"","adv-header-id-meta":"","stick-header-meta":"","header-above-stick-meta":"","header-main-stick-meta":"","header-below-stick-meta":"","astra-migrate-meta-layouts":"default","ast-page-background-enabled":"default","ast-page-background-meta":{"desktop":{"background-color":"var(--ast-global-color-5)","background-image":"","background-repeat":"repeat","background-position":"center center","background-size":"auto","background-attachment":"scroll","background-type":"","background-media":"","overlay-type":"","overlay-color":"","overlay-opacity":"","overlay-gradient":""},"tablet":{"background-color":"","background-image":"","background-repeat":"repeat","background-position":"center center","background-size":"auto","background-attachment":"scroll","background-type":"","background-media":"","overlay-type":"","overlay-color":"","overlay-opacity":"","overlay-gradient":""},"mobile":{"background-color":"","background-image":"","background-repeat":"repeat","background-position":"center center","background-size":"auto","background-attachment":"scroll","background-type":"","background-media":"","overlay-type":"","overlay-color":"","overlay-opacity":"","overlay-gradient":""}},"ast-content-background-meta":{"desktop":{"background-color":"var(--ast-global-color-4)","background-image":"","background-repeat":"repeat","background-position":"center center","background-size":"auto","background-attachment":"scroll","background-type":"","background-media":"","overlay-type":"","overlay-color":"","overlay-opacity":"","overlay-gradient":""},"tablet":{"background-color":"var(--ast-global-color-4)","background-image":"","background-repeat":"repeat","background-position":"center center","background-size":"auto","background-attachment":"scroll","background-type":"","background-media":"","overlay-type":"","overlay-color":"","overlay-opacity":"","overlay-gradient":""},"mobile":{"background-color":"var(--ast-global-color-4)","background-image":"","background-repeat":"repeat","background-position":"center center","background-size":"auto","background-attachment":"scroll","background-type":"","background-media":"","overlay-type":"","overlay-color":"","overlay-opacity":"","overlay-gradient":""}}},"product_brand":[],"product_cat":[642],"product_tag":[157,144,604,57,603],"class_list":{"0":"post-93091","1":"product","2":"type-product","3":"status-publish","4":"has-post-thumbnail","6":"product_cat-olejki-eteryczne","7":"product_tag-aromaterapia","8":"product_tag-doterra","9":"product_tag-oczyszczenie-organizmu","10":"product_tag-olejek-eteryczny","11":"product_tag-zendocrine","12":"desktop-align-left","13":"tablet-align-left","14":"mobile-align-left","16":"first","17":"instock","18":"taxable","19":"shipping-taxable","20":"purchasable","21":"product-type-simple"},"acf":[],"yoast_head":"<!-- This site is optimized with the Yoast SEO plugin v27.2 - https:\/\/yoast.com\/product\/yoast-seo-wordpress\/ -->\n<title>Olejek eteryczny doTERRA \u2022 oczyszczenie organizmu \u2022 Zendocrine \u2022 15 ml | Joga Pi\u0119kna | Ajurweda<\/title>\n<meta name=\"description\" content=\"Zendocrine to olejek dla tych, kt\u00f3rzy chc\u0105 rozpocz\u0105\u0107 zmian\u0119 stylu \u017cycia.\u00a0Stosuj Zendocrine codziennie, dodaj\u0105c do szklanki wody! Olejek ten wspiera nasz\u0105 odporno\u015b\u0107 oraz wspomaga oczyszczanie naszego organizmu z toksyn.\" \/>\n<meta name=\"robots\" content=\"index, follow, max-snippet:-1, max-image-preview:large, max-video-preview:-1\" \/>\n<link rel=\"canonical\" href=\"https:\/\/jogapiekna.com\/en\/product\/olejek-eteryczny-doterra-zendocrine-15-ml\/\" \/>\n<meta property=\"og:locale\" content=\"en_GB\" \/>\n<meta property=\"og:type\" content=\"article\" \/>\n<meta property=\"og:title\" content=\"Olejek eteryczny doTERRA \u2022 oczyszczenie organizmu \u2022 Zendocrine \u2022 15 ml | Joga Pi\u0119kna | Ajurweda\" \/>\n<meta property=\"og:description\" content=\"Zendocrine to olejek dla tych, kt\u00f3rzy chc\u0105 rozpocz\u0105\u0107 zmian\u0119 stylu \u017cycia.\u00a0Stosuj Zendocrine codziennie, dodaj\u0105c do szklanki wody! Olejek ten wspiera nasz\u0105 odporno\u015b\u0107 oraz wspomaga oczyszczanie naszego organizmu z toksyn.\" \/>\n<meta property=\"og:url\" content=\"https:\/\/jogapiekna.com\/en\/product\/olejek-eteryczny-doterra-zendocrine-15-ml\/\" \/>\n<meta property=\"og:site_name\" content=\"JOGA PI\u0118KNA | Joga Twarzy\" \/>\n<meta property=\"article:publisher\" content=\"https:\/\/www.facebook.com\/JogaPieknaCom\/\" \/>\n<meta property=\"article:modified_time\" content=\"2026-04-02T10:00:27+00:00\" \/>\n<meta property=\"og:image\" content=\"https:\/\/jogapiekna.com\/wp-content\/uploads\/2020\/04\/joga-piekna_olejek-zendocrine-doterra.jpg\" \/>\n\t<meta property=\"og:image:width\" content=\"1000\" \/>\n\t<meta property=\"og:image:height\" content=\"1000\" \/>\n\t<meta property=\"og:image:type\" content=\"image\/jpeg\" \/>\n<meta name=\"twitter:card\" content=\"summary_large_image\" \/>\n<meta name=\"twitter:label1\" content=\"Estimated reading time\" \/>\n\t<meta name=\"twitter:data1\" content=\"2 minutes\" \/>\n<script type=\"application\/ld+json\" class=\"yoast-schema-graph\">{\"@context\":\"https:\/\/schema.org\",\"@graph\":[{\"@type\":\"WebPage\",\"@id\":\"https:\/\/jogapiekna.com\/produkt\/olejek-eteryczny-doterra-zendocrine-15-ml\/\",\"url\":\"https:\/\/jogapiekna.com\/produkt\/olejek-eteryczny-doterra-zendocrine-15-ml\/\",\"name\":\"Olejek eteryczny doTERRA \u2022 oczyszczenie organizmu \u2022 Zendocrine \u2022 15 ml | Joga Pi\u0119kna | Ajurweda\",\"isPartOf\":{\"@id\":\"https:\/\/jogapiekna.com\/#website\"},\"primaryImageOfPage\":{\"@id\":\"https:\/\/jogapiekna.com\/produkt\/olejek-eteryczny-doterra-zendocrine-15-ml\/#primaryimage\"},\"image\":{\"@id\":\"https:\/\/jogapiekna.com\/produkt\/olejek-eteryczny-doterra-zendocrine-15-ml\/#primaryimage\"},\"thumbnailUrl\":\"https:\/\/jogapiekna.com\/wp-content\/uploads\/2020\/04\/joga-piekna_olejek-zendocrine-doterra.jpg\",\"datePublished\":\"2022-08-18T09:43:06+00:00\",\"dateModified\":\"2026-04-02T10:00:27+00:00\",\"description\":\"Zendocrine to olejek dla tych, kt\u00f3rzy chc\u0105 rozpocz\u0105\u0107 zmian\u0119 stylu \u017cycia.\u00a0Stosuj Zendocrine codziennie, dodaj\u0105c do szklanki wody! Olejek ten wspiera nasz\u0105 odporno\u015b\u0107 oraz wspomaga oczyszczanie naszego organizmu z toksyn.\",\"breadcrumb\":{\"@id\":\"https:\/\/jogapiekna.com\/produkt\/olejek-eteryczny-doterra-zendocrine-15-ml\/#breadcrumb\"},\"inLanguage\":\"en-GB\",\"potentialAction\":[{\"@type\":\"ReadAction\",\"target\":[\"https:\/\/jogapiekna.com\/produkt\/olejek-eteryczny-doterra-zendocrine-15-ml\/\"]}]},{\"@type\":\"ImageObject\",\"inLanguage\":\"en-GB\",\"@id\":\"https:\/\/jogapiekna.com\/produkt\/olejek-eteryczny-doterra-zendocrine-15-ml\/#primaryimage\",\"url\":\"https:\/\/jogapiekna.com\/wp-content\/uploads\/2020\/04\/joga-piekna_olejek-zendocrine-doterra.jpg\",\"contentUrl\":\"https:\/\/jogapiekna.com\/wp-content\/uploads\/2020\/04\/joga-piekna_olejek-zendocrine-doterra.jpg\",\"width\":1000,\"height\":1000,\"caption\":\"OLEJEK eteryczny doTERRA \u2022 Oczyszczenie organizmu \u2022 Zendocrine \u2022 15 ml\"},{\"@type\":\"BreadcrumbList\",\"@id\":\"https:\/\/jogapiekna.com\/produkt\/olejek-eteryczny-doterra-zendocrine-15-ml\/#breadcrumb\",\"itemListElement\":[{\"@type\":\"ListItem\",\"position\":1,\"name\":\"Strona g\u0142\u00f3wna\",\"item\":\"https:\/\/jogapiekna.com\/\"},{\"@type\":\"ListItem\",\"position\":2,\"name\":\"Sklep\",\"item\":\"https:\/\/jogapiekna.com\/sklep\/\"},{\"@type\":\"ListItem\",\"position\":3,\"name\":\"Olejek eteryczny doTERRA \u2022 oczyszczenie organizmu \u2022 Zendocrine \u2022 15 ml\"}]},{\"@type\":\"WebSite\",\"@id\":\"https:\/\/jogapiekna.com\/#website\",\"url\":\"https:\/\/jogapiekna.com\/\",\"name\":\"Joga Pi\u0119kna Marta Kuci\u0144ska\",\"description\":\"Joga Pi\u0119kna pomaga kobietom zachowa\u0107 urod\u0119, cofn\u0105\u0107 oznaki up\u0142ywaj\u0105cego czasu i zm\u0119czenia, odzyska\u0107 promienny wygl\u0105d, naturalny u\u015bmiech i popraw\u0119 w\u0142asnej samooceny.\",\"publisher\":{\"@id\":\"https:\/\/jogapiekna.com\/#organization\"},\"potentialAction\":[{\"@type\":\"SearchAction\",\"target\":{\"@type\":\"EntryPoint\",\"urlTemplate\":\"https:\/\/jogapiekna.com\/?s={search_term_string}\"},\"query-input\":{\"@type\":\"PropertyValueSpecification\",\"valueRequired\":true,\"valueName\":\"search_term_string\"}}],\"inLanguage\":\"en-GB\"},{\"@type\":\"Organization\",\"@id\":\"https:\/\/jogapiekna.com\/#organization\",\"name\":\"Joga Pi\u0119kna Marta Kuci\u0144ska\",\"url\":\"https:\/\/jogapiekna.com\/\",\"logo\":{\"@type\":\"ImageObject\",\"inLanguage\":\"en-GB\",\"@id\":\"https:\/\/jogapiekna.com\/#\/schema\/logo\/image\/\",\"url\":\"https:\/\/jogapiekna.com\/wp-content\/uploads\/2022\/09\/joga-piekna-logo_Rka.png\",\"contentUrl\":\"https:\/\/jogapiekna.com\/wp-content\/uploads\/2022\/09\/joga-piekna-logo_Rka.png\",\"width\":231,\"height\":124,\"caption\":\"Joga Pi\u0119kna Marta Kuci\u0144ska\"},\"image\":{\"@id\":\"https:\/\/jogapiekna.com\/#\/schema\/logo\/image\/\"},\"sameAs\":[\"https:\/\/www.facebook.com\/JogaPieknaCom\/\",\"https:\/\/www.instagram.com\/jogapieknacom\/\"]}]}<\/script>\n<!-- \/ Yoast SEO plugin. -->","yoast_head_json":{"title":"Olejek eteryczny doTERRA \u2022 oczyszczenie organizmu \u2022 Zendocrine \u2022 15 ml | Joga Pi\u0119kna | Ajurweda","description":"Zendocrine to olejek dla tych, kt\u00f3rzy chc\u0105 rozpocz\u0105\u0107 zmian\u0119 stylu \u017cycia.\u00a0Stosuj Zendocrine codziennie, dodaj\u0105c do szklanki wody! Olejek ten wspiera nasz\u0105 odporno\u015b\u0107 oraz wspomaga oczyszczanie naszego organizmu z toksyn.","robots":{"index":"index","follow":"follow","max-snippet":"max-snippet:-1","max-image-preview":"max-image-preview:large","max-video-preview":"max-video-preview:-1"},"canonical":"https:\/\/jogapiekna.com\/en\/product\/olejek-eteryczny-doterra-zendocrine-15-ml\/","og_locale":"en_GB","og_type":"article","og_title":"Olejek eteryczny doTERRA \u2022 oczyszczenie organizmu \u2022 Zendocrine \u2022 15 ml | Joga Pi\u0119kna | Ajurweda","og_description":"Zendocrine to olejek dla tych, kt\u00f3rzy chc\u0105 rozpocz\u0105\u0107 zmian\u0119 stylu \u017cycia.\u00a0Stosuj Zendocrine codziennie, dodaj\u0105c do szklanki wody! Olejek ten wspiera nasz\u0105 odporno\u015b\u0107 oraz wspomaga oczyszczanie naszego organizmu z toksyn.","og_url":"https:\/\/jogapiekna.com\/en\/product\/olejek-eteryczny-doterra-zendocrine-15-ml\/","og_site_name":"JOGA PI\u0118KNA | Joga Twarzy","article_publisher":"https:\/\/www.facebook.com\/JogaPieknaCom\/","article_modified_time":"2026-04-02T10:00:27+00:00","og_image":[{"width":1000,"height":1000,"url":"https:\/\/jogapiekna.com\/wp-content\/uploads\/2020\/04\/joga-piekna_olejek-zendocrine-doterra.jpg","type":"image\/jpeg"}],"twitter_card":"summary_large_image","twitter_misc":{"Estimated reading time":"2 minutes"},"schema":{"@context":"https:\/\/schema.org","@graph":[{"@type":"WebPage","@id":"https:\/\/jogapiekna.com\/produkt\/olejek-eteryczny-doterra-zendocrine-15-ml\/","url":"https:\/\/jogapiekna.com\/produkt\/olejek-eteryczny-doterra-zendocrine-15-ml\/","name":"Olejek eteryczny doTERRA \u2022 oczyszczenie organizmu \u2022 Zendocrine \u2022 15 ml | Joga Pi\u0119kna | Ajurweda","isPartOf":{"@id":"https:\/\/jogapiekna.com\/#website"},"primaryImageOfPage":{"@id":"https:\/\/jogapiekna.com\/produkt\/olejek-eteryczny-doterra-zendocrine-15-ml\/#primaryimage"},"image":{"@id":"https:\/\/jogapiekna.com\/produkt\/olejek-eteryczny-doterra-zendocrine-15-ml\/#primaryimage"},"thumbnailUrl":"https:\/\/jogapiekna.com\/wp-content\/uploads\/2020\/04\/joga-piekna_olejek-zendocrine-doterra.jpg","datePublished":"2022-08-18T09:43:06+00:00","dateModified":"2026-04-02T10:00:27+00:00","description":"Zendocrine to olejek dla tych, kt\u00f3rzy chc\u0105 rozpocz\u0105\u0107 zmian\u0119 stylu \u017cycia.\u00a0Stosuj Zendocrine codziennie, dodaj\u0105c do szklanki wody! Olejek ten wspiera nasz\u0105 odporno\u015b\u0107 oraz wspomaga oczyszczanie naszego organizmu z toksyn.","breadcrumb":{"@id":"https:\/\/jogapiekna.com\/produkt\/olejek-eteryczny-doterra-zendocrine-15-ml\/#breadcrumb"},"inLanguage":"en-GB","potentialAction":[{"@type":"ReadAction","target":["https:\/\/jogapiekna.com\/produkt\/olejek-eteryczny-doterra-zendocrine-15-ml\/"]}]},{"@type":"ImageObject","inLanguage":"en-GB","@id":"https:\/\/jogapiekna.com\/produkt\/olejek-eteryczny-doterra-zendocrine-15-ml\/#primaryimage","url":"https:\/\/jogapiekna.com\/wp-content\/uploads\/2020\/04\/joga-piekna_olejek-zendocrine-doterra.jpg","contentUrl":"https:\/\/jogapiekna.com\/wp-content\/uploads\/2020\/04\/joga-piekna_olejek-zendocrine-doterra.jpg","width":1000,"height":1000,"caption":"OLEJEK eteryczny doTERRA \u2022 Oczyszczenie organizmu \u2022 Zendocrine \u2022 15 ml"},{"@type":"BreadcrumbList","@id":"https:\/\/jogapiekna.com\/produkt\/olejek-eteryczny-doterra-zendocrine-15-ml\/#breadcrumb","itemListElement":[{"@type":"ListItem","position":1,"name":"Strona g\u0142\u00f3wna","item":"https:\/\/jogapiekna.com\/"},{"@type":"ListItem","position":2,"name":"Sklep","item":"https:\/\/jogapiekna.com\/sklep\/"},{"@type":"ListItem","position":3,"name":"Olejek eteryczny doTERRA \u2022 oczyszczenie organizmu \u2022 Zendocrine \u2022 15 ml"}]},{"@type":"WebSite","@id":"https:\/\/jogapiekna.com\/#website","url":"https:\/\/jogapiekna.com\/","name":"Yoga Beauty Marta Kuci\u0144ska","description":"Beauty Yoga helps women to maintain their beauty, reverse the signs of passing time and fatigue, regain a radiant appearance, natural smile and improve their self-esteem.","publisher":{"@id":"https:\/\/jogapiekna.com\/#organization"},"potentialAction":[{"@type":"SearchAction","target":{"@type":"EntryPoint","urlTemplate":"https:\/\/jogapiekna.com\/?s={search_term_string}"},"query-input":{"@type":"PropertyValueSpecification","valueRequired":true,"valueName":"search_term_string"}}],"inLanguage":"en-GB"},{"@type":"Organization","@id":"https:\/\/jogapiekna.com\/#organization","name":"Yoga Beauty Marta Kuci\u0144ska","url":"https:\/\/jogapiekna.com\/","logo":{"@type":"ImageObject","inLanguage":"en-GB","@id":"https:\/\/jogapiekna.com\/#\/schema\/logo\/image\/","url":"https:\/\/jogapiekna.com\/wp-content\/uploads\/2022\/09\/joga-piekna-logo_Rka.png","contentUrl":"https:\/\/jogapiekna.com\/wp-content\/uploads\/2022\/09\/joga-piekna-logo_Rka.png","width":231,"height":124,"caption":"Joga Pi\u0119kna Marta Kuci\u0144ska"},"image":{"@id":"https:\/\/jogapiekna.com\/#\/schema\/logo\/image\/"},"sameAs":["https:\/\/www.facebook.com\/JogaPieknaCom\/","https:\/\/www.instagram.com\/jogapieknacom\/"]}]}},"_links":{"self":[{"href":"https:\/\/jogapiekna.com\/en\/wp-json\/wp\/v2\/product\/93091","targetHints":{"allow":["GET"]}}],"collection":[{"href":"https:\/\/jogapiekna.com\/en\/wp-json\/wp\/v2\/product"}],"about":[{"href":"https:\/\/jogapiekna.com\/en\/wp-json\/wp\/v2\/types\/product"}],"replies":[{"embeddable":true,"href":"https:\/\/jogapiekna.com\/en\/wp-json\/wp\/v2\/comments?post=93091"}],"version-history":[{"count":1,"href":"https:\/\/jogapiekna.com\/en\/wp-json\/wp\/v2\/product\/93091\/revisions"}],"predecessor-version":[{"id":211224,"href":"https:\/\/jogapiekna.com\/en\/wp-json\/wp\/v2\/product\/93091\/revisions\/211224"}],"wp:featuredmedia":[{"embeddable":true,"href":"https:\/\/jogapiekna.com\/en\/wp-json\/wp\/v2\/media\/94670"}],"wp:attachment":[{"href":"https:\/\/jogapiekna.com\/en\/wp-json\/wp\/v2\/media?parent=93091"}],"wp:term":[{"taxonomy":"product_brand","embeddable":true,"href":"https:\/\/jogapiekna.com\/en\/wp-json\/wp\/v2\/product_brand?post=93091"},{"taxonomy":"product_cat","embeddable":true,"href":"https:\/\/jogapiekna.com\/en\/wp-json\/wp\/v2\/product_cat?post=93091"},{"taxonomy":"product_tag","embeddable":true,"href":"https:\/\/jogapiekna.com\/en\/wp-json\/wp\/v2\/product_tag?post=93091"}],"curies":[{"name":"wp","href":"https:\/\/api.w.org\/{rel}","templated":true}]}}