{"id":93136,"date":"2022-08-19T00:35:03","date_gmt":"2022-08-18T22:35:03","guid":{"rendered":"https:\/\/jogapiekna.com\/?post_type=product&#038;p=93136"},"modified":"2026-04-02T11:25:16","modified_gmt":"2026-04-02T09:25:16","slug":"mini-poduszka-antyzmarszczkowa-z-bawelniana-poszewka","status":"publish","type":"product","link":"https:\/\/jogapiekna.com\/en\/product\/mini-poduszka-antyzmarszczkowa-z-bawelniana-poszewka\/","title":{"rendered":"MINI * jasiek anti-wrinkle pillow with cotton pillowcase"},"content":{"rendered":"<h2><em>Bye Bye Wrinkles<\/em> Mini Small Sleep Pillow with Cotton Pillowcase and Anti-allergenic Filler<\/h2>\n<p>Does it happen that you wake up with a &#034;crumpled&#034; face? Do you see how your wrinkles between your eyebrows or on your cheeks deepen every week? Pay attention to the position of the face during sleep. If <strong>do you like to sleep on your side or stomach<\/strong>you are probably contributing to the formation of sleep wrinkles and their permanent deepening.<\/p>\n<p>The solution is a specially designed Bye Bye Wrinkles MINI Beauty Yoga pillow that does not crease your face and protects it from wrinkles. Completion <strong>guarantees comfort during sleep<\/strong> and it&#039;s anti-allergic. On the other hand, the cotton coating is velvety-soft, breathable and has a positive effect on the complexion.<\/p>\n<p>If you travel a lot, you like to have two pillows at night, or you&#039;re just looking for a yark that will take care of not only your sleeping comfort, but also how your face looks \u2014 <strong>small butterfly shaped pillow<\/strong> this is the choice for you.<\/p>\n<p>&nbsp;<\/p>\n<h2>What are sleepy wrinkles and how to deal with them?<\/h2>\n<p>Sleep wrinkles occur when you sleep on your side or stomach. They appear on the skin of the face as a result of prolonged and repeated pressure on the facial tissues. How to deal with them? Try sleeping on your back, or take care of proper facial support and the quality of the bedding you put your face on.<\/p>\n<p><img fetchpriority=\"high\" decoding=\"async\" class=\"img-responsive\" src=\"https:\/\/jogapiekna.com\/wp-content\/uploads\/2021\/04\/poduszka-zwykla-poduszka-bbw-porownanie.jpg\" alt=\"Dlaczego warto wybra\u0107 poduszk\u0119 przeciwzmarszczkow\u0105 Bye Bye Wrinkles?\" width=\"800\" height=\"273\" \/><\/p>\n<p>&nbsp;<\/p>\n<h2>Why Choose a Small Sleep Wrinkle Pillow <em>Bye Bye Wrinkles<\/em>?<\/h2>\n<p><strong>Manufacturing accuracy <\/strong><br \/>\nMore than 17 years of experience in a clothing company have taught me that quality is the most important thing. Already at the design stage, a large number of so-called testing and peeling prototypes were created. Later, it was time to test the pillow before it went on sale. Every detail counts.<\/p>\n<p><strong>Poland production <\/strong><br \/>\nPillows are made in Polish sewing workshops, so we support the domestic business.<\/p>\n<p><strong>Pillow design is patented<\/strong><br \/>\nThe final look of the pillow was created on the basis of many tests, tests so that it not only protects the face from sleepy wrinkles, but also serves as a support for the cervical region.<\/p>\n<p>&nbsp;<\/p>\n<h2>See if a small pillow will suit you<\/h2>\n<p>Small Sleep Wrinkle Pillow <em>Bye Bye Wrinkles<\/em> MINI is the version for people who don&#039;t want to part with their favorite standard pillow. It is a form of &#034;pillow&#034; or &#034;mini-jasper&#034;, which is placed under the face on a regular pillow.<\/p>\n<p>At the same time, the optimal size makes it ideal for protecting the face from wrinkles that form during sleep. It is great for people who like to sleep on their side or on their stomach.<\/p>\n<p>Small Anti-wrinkle pillow for sleeping:<\/p>\n<ul>\n<li>on the go, in a hotel, on a plane, or by other means of transport<\/li>\n<li>comes with a large standard pillow<\/li>\n<li>as an additional mini jasiek<\/li>\n<\/ul>\n<p><strong>Do you want to know which pillow to choose? Take a look at the tutorial video I&#039;ve prepared:<a href=\"https:\/\/www.youtube.com\/watch?v=TnspmD1CNOQ\" target=\"_blank\" rel=\"noopener\"> Bye Bye Wrinkles Classic Natural vs Mini Anti-wrinkle Pillow<\/a> <\/strong><\/p>\n<p><iframe title=\"YouTube video player\" src=\"https:\/\/www.youtube.com\/embed\/TnspmD1CNOQ?si=oziZLzjR0rcQeizF\" width=\"800\" height=\"450\" frameborder=\"0\" allowfullscreen=\"allowfullscreen\"><\/iframe><\/p>\n<p>&nbsp;<\/p>\n<h2>Small Anti-Wrinkle Sleep Pillow-size<\/h2>\n<p><img decoding=\"async\" class=\"img-responsive\" src=\"https:\/\/jogapiekna.com\/wp-content\/uploads\/2021\/04\/poduszka-jasiek-rozmiar.jpg\" alt=\"Poduszka jasiek \u2013 rozmiar\" width=\"800\" height=\"647\" \/><\/p>\n<p><strong>Width of upper wings:<\/strong> 38 cm<br \/>\n<strong>Width of lower wings:<\/strong> 30 cm<br \/>\n<strong>Height:<\/strong> 25 cm<\/p>\n<p>Pillow weight: about 0.16 kg<\/p>\n<ul>\n<li>Exceptional pillow advantage <em>Bye Bye Wrinkles<\/em> MINI is <strong>ability to adjust its thickness independently<\/strong>. The pillow closes with a zipper, so you can subtract or add the filler yourself.<\/li>\n<li>The size of the pillow is measured flat and can change under the influence of filling.<\/li>\n<\/ul>\n<p>&nbsp;<\/p>\n<h2>Small pillow with anti-allergic filler<\/h2>\n<p>Small Sleep Wrinkle Pillow <em>Bye Bye Wrinkles<\/em> The mini is filled with a mixture of polyester fibers. This is one of the best substitutes for natural down, while it does not cause allergies.<\/p>\n<p>Pillow with polyester fiber filling <strong>extremely convenient<\/strong>. It fits perfectly on the head, is durable and has no tendency to twist.<\/p>\n<p><strong>Features of Polyester Fiber Filler:<\/strong><\/p>\n<ul>\n<li>high elasticity<\/li>\n<li>deformation resistance<\/li>\n<li>alternative to natural down<\/li>\n<li>anti-allergic properties<\/li>\n<li>high strength<\/li>\n<li>easy care (pillow is machine washable)<\/li>\n<\/ul>\n<p>&nbsp;<\/p>\n<h2>Features of Cotton Pillowcase<\/h2>\n<ul>\n<li>The jacket is made of very soft 100% satin cotton.<\/li>\n<li>It&#039;s a natural plant fiber, which means it&#039;s skin-friendly.<\/li>\n<li>The pillowcase is velvety soft to the touch and does not cause irritation.<\/li>\n<li>It has breathable properties, which means it allows air to circulate freely.<\/li>\n<\/ul>\n<p>&nbsp;<\/p>\n<h2>Small Sleep Wrinkle Pillow-Care and Maintenance<\/h2>\n<p>Cotton Pillowcase for Sleeping <strong>it is equipped with a zipper closure<\/strong>, with which you can easily remove the cover from the main pillow.<\/p>\n<p>You can also wash the pillow completely with filler according to the instructions that we have attached to the product.<\/p>\n<p>&nbsp;<\/p>\n<h3>Additional information<\/h3>\n<p>The pillow is a hygienic product and is non-refundable.<\/p>","protected":false},"excerpt":{"rendered":"<p>Small Sleep Wrinkle Pillow <em>Bye Bye Wrinkles<\/em> slows down the process of deepening lines on the face, which occur as a result of sleeping on your side and squeezing tissues. It is infused with an anti-allergenic blend of polyester fibers and has a cover made from soft 100% satin cotton. The small size fits well as a jasiek or a comfortable pillow on the go.<\/p>\n<ul>\n<li>slows down the process of deepening sleepy wrinkles<\/li>\n<li>provides adequate cervical support<\/li>\n<li>provides a comfortable sleep (even on the go)<\/li>\n<li>suitable for allergy sufferers (does not contain feathers and fluff)<\/li>\n<li>reduces lymphedema<\/li>\n<\/ul>","protected":false},"featured_media":202126,"comment_status":"closed","ping_status":"closed","template":"","meta":{"_acf_changed":false,"site-sidebar-layout":"default","site-content-layout":"","ast-site-content-layout":"default","site-content-style":"default","site-sidebar-style":"default","ast-global-header-display":"","ast-banner-title-visibility":"","ast-main-header-display":"","ast-hfb-above-header-display":"","ast-hfb-below-header-display":"","ast-hfb-mobile-header-display":"","site-post-title":"","ast-breadcrumbs-content":"","ast-featured-img":"","footer-sml-layout":"","ast-disable-related-posts":"","theme-transparent-header-meta":"default","adv-header-id-meta":"","stick-header-meta":"","header-above-stick-meta":"","header-main-stick-meta":"","header-below-stick-meta":"","astra-migrate-meta-layouts":"set","ast-page-background-enabled":"default","ast-page-background-meta":{"desktop":{"background-color":"var(--ast-global-color-5)","background-image":"","background-repeat":"repeat","background-position":"center center","background-size":"auto","background-attachment":"scroll","background-type":"","background-media":"","overlay-type":"","overlay-color":"","overlay-opacity":"","overlay-gradient":""},"tablet":{"background-color":"","background-image":"","background-repeat":"repeat","background-position":"center center","background-size":"auto","background-attachment":"scroll","background-type":"","background-media":"","overlay-type":"","overlay-color":"","overlay-opacity":"","overlay-gradient":""},"mobile":{"background-color":"","background-image":"","background-repeat":"repeat","background-position":"center center","background-size":"auto","background-attachment":"scroll","background-type":"","background-media":"","overlay-type":"","overlay-color":"","overlay-opacity":"","overlay-gradient":""}},"ast-content-background-meta":{"desktop":{"background-color":"var(--ast-global-color-4)","background-image":"","background-repeat":"repeat","background-position":"center center","background-size":"auto","background-attachment":"scroll","background-type":"","background-media":"","overlay-type":"","overlay-color":"","overlay-opacity":"","overlay-gradient":""},"tablet":{"background-color":"var(--ast-global-color-4)","background-image":"","background-repeat":"repeat","background-position":"center center","background-size":"auto","background-attachment":"scroll","background-type":"","background-media":"","overlay-type":"","overlay-color":"","overlay-opacity":"","overlay-gradient":""},"mobile":{"background-color":"var(--ast-global-color-4)","background-image":"","background-repeat":"repeat","background-position":"center center","background-size":"auto","background-attachment":"scroll","background-type":"","background-media":"","overlay-type":"","overlay-color":"","overlay-opacity":"","overlay-gradient":""}}},"product_brand":[],"product_cat":[297,112],"product_tag":[174,262,256,255,173,263],"class_list":{"0":"post-93136","1":"product","2":"type-product","3":"status-publish","4":"has-post-thumbnail","6":"product_cat-mini-poduszki-antyzmarszczkowe","7":"product_cat-poduszki-antyzmarszczkowe","8":"product_tag-byebyewrinkles","9":"product_tag-likwidowanie-zmarszczek","10":"product_tag-pielegnacja-skory","11":"product_tag-pielegnacja-twarzy","12":"product_tag-poduszka-antyzmarszczkowa","13":"product_tag-zdrowy-sen","14":"desktop-align-left","15":"tablet-align-left","16":"mobile-align-left","18":"first","19":"instock","20":"taxable","21":"shipping-taxable","22":"purchasable","23":"product-type-variable"},"acf":[],"yoast_head":"<!-- This site is optimized with the Yoast SEO plugin v27.2 - https:\/\/yoast.com\/product\/yoast-seo-wordpress\/ -->\n<title>Ma\u0142a poduszka na zmarszczki senne z bawe\u0142nian\u0105 poszewk\u0105<\/title>\n<meta name=\"description\" content=\"Jasiek, czyli ma\u0142a poduszka na zmarszczki senne zaprojektowana przez Jog\u0119 Pi\u0119kna hamuje proces starzenia sk\u00f3ry i zadba o komfort Twojego snu. Zam\u00f3w online.\" \/>\n<meta name=\"robots\" content=\"index, follow, max-snippet:-1, max-image-preview:large, max-video-preview:-1\" \/>\n<link rel=\"canonical\" href=\"https:\/\/jogapiekna.com\/en\/product\/mini-poduszka-antyzmarszczkowa-z-bawelniana-poszewka\/\" \/>\n<meta property=\"og:locale\" content=\"en_GB\" \/>\n<meta property=\"og:type\" content=\"article\" \/>\n<meta property=\"og:title\" content=\"Ma\u0142a poduszka na zmarszczki senne z bawe\u0142nian\u0105 poszewk\u0105\" \/>\n<meta property=\"og:description\" content=\"Jasiek, czyli ma\u0142a poduszka na zmarszczki senne zaprojektowana przez Jog\u0119 Pi\u0119kna hamuje proces starzenia sk\u00f3ry i zadba o komfort Twojego snu. Zam\u00f3w online.\" \/>\n<meta property=\"og:url\" content=\"https:\/\/jogapiekna.com\/en\/product\/mini-poduszka-antyzmarszczkowa-z-bawelniana-poszewka\/\" \/>\n<meta property=\"og:site_name\" content=\"JOGA PI\u0118KNA | Joga Twarzy\" \/>\n<meta property=\"article:publisher\" content=\"https:\/\/www.facebook.com\/JogaPieknaCom\/\" \/>\n<meta property=\"article:modified_time\" content=\"2026-04-02T09:25:16+00:00\" \/>\n<meta property=\"og:image\" content=\"https:\/\/jogapiekna.com\/wp-content\/uploads\/2022\/08\/Bye-Bye-Wrinkles_Poduszka-antyzmarszczkowa-MINI-jedwabna-poszewka-bawelna-kolory-bz-grafit_2025.jpg\" \/>\n\t<meta property=\"og:image:width\" content=\"1000\" \/>\n\t<meta property=\"og:image:height\" content=\"1000\" \/>\n\t<meta property=\"og:image:type\" content=\"image\/jpeg\" \/>\n<meta name=\"twitter:card\" content=\"summary_large_image\" \/>\n<meta name=\"twitter:label1\" content=\"Estimated reading time\" \/>\n\t<meta name=\"twitter:data1\" content=\"5 minutes\" \/>\n<script type=\"application\/ld+json\" class=\"yoast-schema-graph\">{\"@context\":\"https:\/\/schema.org\",\"@graph\":[{\"@type\":\"WebPage\",\"@id\":\"https:\/\/jogapiekna.com\/produkt\/mini-poduszka-antyzmarszczkowa-z-bawelniana-poszewka\/\",\"url\":\"https:\/\/jogapiekna.com\/produkt\/mini-poduszka-antyzmarszczkowa-z-bawelniana-poszewka\/\",\"name\":\"Ma\u0142a poduszka na zmarszczki senne z bawe\u0142nian\u0105 poszewk\u0105\",\"isPartOf\":{\"@id\":\"https:\/\/jogapiekna.com\/#website\"},\"primaryImageOfPage\":{\"@id\":\"https:\/\/jogapiekna.com\/produkt\/mini-poduszka-antyzmarszczkowa-z-bawelniana-poszewka\/#primaryimage\"},\"image\":{\"@id\":\"https:\/\/jogapiekna.com\/produkt\/mini-poduszka-antyzmarszczkowa-z-bawelniana-poszewka\/#primaryimage\"},\"thumbnailUrl\":\"https:\/\/jogapiekna.com\/wp-content\/uploads\/2022\/08\/Bye-Bye-Wrinkles_Poduszka-antyzmarszczkowa-MINI-jedwabna-poszewka-bawelna-kolory-bz-grafit_2025.jpg\",\"datePublished\":\"2022-08-18T22:35:03+00:00\",\"dateModified\":\"2026-04-02T09:25:16+00:00\",\"description\":\"Jasiek, czyli ma\u0142a poduszka na zmarszczki senne zaprojektowana przez Jog\u0119 Pi\u0119kna hamuje proces starzenia sk\u00f3ry i zadba o komfort Twojego snu. Zam\u00f3w online.\",\"breadcrumb\":{\"@id\":\"https:\/\/jogapiekna.com\/produkt\/mini-poduszka-antyzmarszczkowa-z-bawelniana-poszewka\/#breadcrumb\"},\"inLanguage\":\"en-GB\",\"potentialAction\":[{\"@type\":\"ReadAction\",\"target\":[\"https:\/\/jogapiekna.com\/produkt\/mini-poduszka-antyzmarszczkowa-z-bawelniana-poszewka\/\"]}]},{\"@type\":\"ImageObject\",\"inLanguage\":\"en-GB\",\"@id\":\"https:\/\/jogapiekna.com\/produkt\/mini-poduszka-antyzmarszczkowa-z-bawelniana-poszewka\/#primaryimage\",\"url\":\"https:\/\/jogapiekna.com\/wp-content\/uploads\/2022\/08\/Bye-Bye-Wrinkles_Poduszka-antyzmarszczkowa-MINI-jedwabna-poszewka-bawelna-kolory-bz-grafit_2025.jpg\",\"contentUrl\":\"https:\/\/jogapiekna.com\/wp-content\/uploads\/2022\/08\/Bye-Bye-Wrinkles_Poduszka-antyzmarszczkowa-MINI-jedwabna-poszewka-bawelna-kolory-bz-grafit_2025.jpg\",\"width\":1000,\"height\":1000,\"caption\":\"Poduszka antyzmarszczkowa MINI z jedwabn\u0105 poszewk\u0105\"},{\"@type\":\"BreadcrumbList\",\"@id\":\"https:\/\/jogapiekna.com\/produkt\/mini-poduszka-antyzmarszczkowa-z-bawelniana-poszewka\/#breadcrumb\",\"itemListElement\":[{\"@type\":\"ListItem\",\"position\":1,\"name\":\"Strona g\u0142\u00f3wna\",\"item\":\"https:\/\/jogapiekna.com\/\"},{\"@type\":\"ListItem\",\"position\":2,\"name\":\"Sklep\",\"item\":\"https:\/\/jogapiekna.com\/sklep\/\"},{\"@type\":\"ListItem\",\"position\":3,\"name\":\"Poduszka antyzmarszczkowa MINI \u2022 jasiek z bawe\u0142nian\u0105 poszewk\u0105\"}]},{\"@type\":\"WebSite\",\"@id\":\"https:\/\/jogapiekna.com\/#website\",\"url\":\"https:\/\/jogapiekna.com\/\",\"name\":\"Joga Pi\u0119kna Marta Kuci\u0144ska\",\"description\":\"Joga Pi\u0119kna pomaga kobietom zachowa\u0107 urod\u0119, cofn\u0105\u0107 oznaki up\u0142ywaj\u0105cego czasu i zm\u0119czenia, odzyska\u0107 promienny wygl\u0105d, naturalny u\u015bmiech i popraw\u0119 w\u0142asnej samooceny.\",\"publisher\":{\"@id\":\"https:\/\/jogapiekna.com\/#organization\"},\"potentialAction\":[{\"@type\":\"SearchAction\",\"target\":{\"@type\":\"EntryPoint\",\"urlTemplate\":\"https:\/\/jogapiekna.com\/?s={search_term_string}\"},\"query-input\":{\"@type\":\"PropertyValueSpecification\",\"valueRequired\":true,\"valueName\":\"search_term_string\"}}],\"inLanguage\":\"en-GB\"},{\"@type\":\"Organization\",\"@id\":\"https:\/\/jogapiekna.com\/#organization\",\"name\":\"Joga Pi\u0119kna Marta Kuci\u0144ska\",\"url\":\"https:\/\/jogapiekna.com\/\",\"logo\":{\"@type\":\"ImageObject\",\"inLanguage\":\"en-GB\",\"@id\":\"https:\/\/jogapiekna.com\/#\/schema\/logo\/image\/\",\"url\":\"https:\/\/jogapiekna.com\/wp-content\/uploads\/2022\/09\/joga-piekna-logo_Rka.png\",\"contentUrl\":\"https:\/\/jogapiekna.com\/wp-content\/uploads\/2022\/09\/joga-piekna-logo_Rka.png\",\"width\":231,\"height\":124,\"caption\":\"Joga Pi\u0119kna Marta Kuci\u0144ska\"},\"image\":{\"@id\":\"https:\/\/jogapiekna.com\/#\/schema\/logo\/image\/\"},\"sameAs\":[\"https:\/\/www.facebook.com\/JogaPieknaCom\/\",\"https:\/\/www.instagram.com\/jogapieknacom\/\"]}]}<\/script>\n<!-- \/ Yoast SEO plugin. -->","yoast_head_json":{"title":"Ma\u0142a poduszka na zmarszczki senne z bawe\u0142nian\u0105 poszewk\u0105","description":"Jasiek, czyli ma\u0142a poduszka na zmarszczki senne zaprojektowana przez Jog\u0119 Pi\u0119kna hamuje proces starzenia sk\u00f3ry i zadba o komfort Twojego snu. Zam\u00f3w online.","robots":{"index":"index","follow":"follow","max-snippet":"max-snippet:-1","max-image-preview":"max-image-preview:large","max-video-preview":"max-video-preview:-1"},"canonical":"https:\/\/jogapiekna.com\/en\/product\/mini-poduszka-antyzmarszczkowa-z-bawelniana-poszewka\/","og_locale":"en_GB","og_type":"article","og_title":"Ma\u0142a poduszka na zmarszczki senne z bawe\u0142nian\u0105 poszewk\u0105","og_description":"Jasiek, czyli ma\u0142a poduszka na zmarszczki senne zaprojektowana przez Jog\u0119 Pi\u0119kna hamuje proces starzenia sk\u00f3ry i zadba o komfort Twojego snu. Zam\u00f3w online.","og_url":"https:\/\/jogapiekna.com\/en\/product\/mini-poduszka-antyzmarszczkowa-z-bawelniana-poszewka\/","og_site_name":"JOGA PI\u0118KNA | Joga Twarzy","article_publisher":"https:\/\/www.facebook.com\/JogaPieknaCom\/","article_modified_time":"2026-04-02T09:25:16+00:00","og_image":[{"width":1000,"height":1000,"url":"https:\/\/jogapiekna.com\/wp-content\/uploads\/2022\/08\/Bye-Bye-Wrinkles_Poduszka-antyzmarszczkowa-MINI-jedwabna-poszewka-bawelna-kolory-bz-grafit_2025.jpg","type":"image\/jpeg"}],"twitter_card":"summary_large_image","twitter_misc":{"Estimated reading time":"5 minutes"},"schema":{"@context":"https:\/\/schema.org","@graph":[{"@type":"WebPage","@id":"https:\/\/jogapiekna.com\/produkt\/mini-poduszka-antyzmarszczkowa-z-bawelniana-poszewka\/","url":"https:\/\/jogapiekna.com\/produkt\/mini-poduszka-antyzmarszczkowa-z-bawelniana-poszewka\/","name":"Ma\u0142a poduszka na zmarszczki senne z bawe\u0142nian\u0105 poszewk\u0105","isPartOf":{"@id":"https:\/\/jogapiekna.com\/#website"},"primaryImageOfPage":{"@id":"https:\/\/jogapiekna.com\/produkt\/mini-poduszka-antyzmarszczkowa-z-bawelniana-poszewka\/#primaryimage"},"image":{"@id":"https:\/\/jogapiekna.com\/produkt\/mini-poduszka-antyzmarszczkowa-z-bawelniana-poszewka\/#primaryimage"},"thumbnailUrl":"https:\/\/jogapiekna.com\/wp-content\/uploads\/2022\/08\/Bye-Bye-Wrinkles_Poduszka-antyzmarszczkowa-MINI-jedwabna-poszewka-bawelna-kolory-bz-grafit_2025.jpg","datePublished":"2022-08-18T22:35:03+00:00","dateModified":"2026-04-02T09:25:16+00:00","description":"Jasiek, czyli ma\u0142a poduszka na zmarszczki senne zaprojektowana przez Jog\u0119 Pi\u0119kna hamuje proces starzenia sk\u00f3ry i zadba o komfort Twojego snu. Zam\u00f3w online.","breadcrumb":{"@id":"https:\/\/jogapiekna.com\/produkt\/mini-poduszka-antyzmarszczkowa-z-bawelniana-poszewka\/#breadcrumb"},"inLanguage":"en-GB","potentialAction":[{"@type":"ReadAction","target":["https:\/\/jogapiekna.com\/produkt\/mini-poduszka-antyzmarszczkowa-z-bawelniana-poszewka\/"]}]},{"@type":"ImageObject","inLanguage":"en-GB","@id":"https:\/\/jogapiekna.com\/produkt\/mini-poduszka-antyzmarszczkowa-z-bawelniana-poszewka\/#primaryimage","url":"https:\/\/jogapiekna.com\/wp-content\/uploads\/2022\/08\/Bye-Bye-Wrinkles_Poduszka-antyzmarszczkowa-MINI-jedwabna-poszewka-bawelna-kolory-bz-grafit_2025.jpg","contentUrl":"https:\/\/jogapiekna.com\/wp-content\/uploads\/2022\/08\/Bye-Bye-Wrinkles_Poduszka-antyzmarszczkowa-MINI-jedwabna-poszewka-bawelna-kolory-bz-grafit_2025.jpg","width":1000,"height":1000,"caption":"Poduszka antyzmarszczkowa MINI z jedwabn\u0105 poszewk\u0105"},{"@type":"BreadcrumbList","@id":"https:\/\/jogapiekna.com\/produkt\/mini-poduszka-antyzmarszczkowa-z-bawelniana-poszewka\/#breadcrumb","itemListElement":[{"@type":"ListItem","position":1,"name":"Strona g\u0142\u00f3wna","item":"https:\/\/jogapiekna.com\/"},{"@type":"ListItem","position":2,"name":"Sklep","item":"https:\/\/jogapiekna.com\/sklep\/"},{"@type":"ListItem","position":3,"name":"Poduszka antyzmarszczkowa MINI \u2022 jasiek z bawe\u0142nian\u0105 poszewk\u0105"}]},{"@type":"WebSite","@id":"https:\/\/jogapiekna.com\/#website","url":"https:\/\/jogapiekna.com\/","name":"Yoga Beauty Marta Kuci\u0144ska","description":"Beauty Yoga helps women to maintain their beauty, reverse the signs of passing time and fatigue, regain a radiant appearance, natural smile and improve their self-esteem.","publisher":{"@id":"https:\/\/jogapiekna.com\/#organization"},"potentialAction":[{"@type":"SearchAction","target":{"@type":"EntryPoint","urlTemplate":"https:\/\/jogapiekna.com\/?s={search_term_string}"},"query-input":{"@type":"PropertyValueSpecification","valueRequired":true,"valueName":"search_term_string"}}],"inLanguage":"en-GB"},{"@type":"Organization","@id":"https:\/\/jogapiekna.com\/#organization","name":"Yoga Beauty Marta Kuci\u0144ska","url":"https:\/\/jogapiekna.com\/","logo":{"@type":"ImageObject","inLanguage":"en-GB","@id":"https:\/\/jogapiekna.com\/#\/schema\/logo\/image\/","url":"https:\/\/jogapiekna.com\/wp-content\/uploads\/2022\/09\/joga-piekna-logo_Rka.png","contentUrl":"https:\/\/jogapiekna.com\/wp-content\/uploads\/2022\/09\/joga-piekna-logo_Rka.png","width":231,"height":124,"caption":"Joga Pi\u0119kna Marta Kuci\u0144ska"},"image":{"@id":"https:\/\/jogapiekna.com\/#\/schema\/logo\/image\/"},"sameAs":["https:\/\/www.facebook.com\/JogaPieknaCom\/","https:\/\/www.instagram.com\/jogapieknacom\/"]}]}},"_links":{"self":[{"href":"https:\/\/jogapiekna.com\/en\/wp-json\/wp\/v2\/product\/93136","targetHints":{"allow":["GET"]}}],"collection":[{"href":"https:\/\/jogapiekna.com\/en\/wp-json\/wp\/v2\/product"}],"about":[{"href":"https:\/\/jogapiekna.com\/en\/wp-json\/wp\/v2\/types\/product"}],"replies":[{"embeddable":true,"href":"https:\/\/jogapiekna.com\/en\/wp-json\/wp\/v2\/comments?post=93136"}],"version-history":[{"count":4,"href":"https:\/\/jogapiekna.com\/en\/wp-json\/wp\/v2\/product\/93136\/revisions"}],"predecessor-version":[{"id":211169,"href":"https:\/\/jogapiekna.com\/en\/wp-json\/wp\/v2\/product\/93136\/revisions\/211169"}],"wp:featuredmedia":[{"embeddable":true,"href":"https:\/\/jogapiekna.com\/en\/wp-json\/wp\/v2\/media\/202126"}],"wp:attachment":[{"href":"https:\/\/jogapiekna.com\/en\/wp-json\/wp\/v2\/media?parent=93136"}],"wp:term":[{"taxonomy":"product_brand","embeddable":true,"href":"https:\/\/jogapiekna.com\/en\/wp-json\/wp\/v2\/product_brand?post=93136"},{"taxonomy":"product_cat","embeddable":true,"href":"https:\/\/jogapiekna.com\/en\/wp-json\/wp\/v2\/product_cat?post=93136"},{"taxonomy":"product_tag","embeddable":true,"href":"https:\/\/jogapiekna.com\/en\/wp-json\/wp\/v2\/product_tag?post=93136"}],"curies":[{"name":"wp","href":"https:\/\/api.w.org\/{rel}","templated":true}]}}